{"id":1003,"date":"2021-05-03T16:59:17","date_gmt":"2021-05-03T16:59:17","guid":{"rendered":"https:\/\/hotelraudaskrida.is\/?page_id=1003"},"modified":"2021-05-16T13:24:24","modified_gmt":"2021-05-16T13:24:24","slug":"thjonustustefna","status":"publish","type":"page","link":"https:\/\/hotelraudaskrida.is\/is\/thjonustustefna\/","title":{"rendered":"\u00dej\u00f3nustustefna"},"content":{"rendered":"\n<ul class=\"wp-block-list\"><li><strong>H\u00f3tel Rau\u00f0askri\u00f0a<\/strong> leggur mikla \u00e1herslu \u00e1 fyrsta flokks \u00fej\u00f3nustu gagnvart gestum s\u00ednum og \u00f6\u00f0rum vi\u00f0skipavinum.\u00a0\u00a0<\/li><li><strong>H\u00f3tel Rau\u00f0askri\u00f0a<\/strong> uppfyllir \u00f6ll l\u00f6g og regluger\u00f0ir sem sn\u00faa a\u00f0 \u00fev\u00ed a\u00f0 n\u00e1 markmi\u00f0um s\u00ednum.\u00a0<\/li><li><strong>H\u00f3tel Rau\u00f0askri\u00f0a<\/strong> er me\u00f0 vefs\u00ed\u00f0u \u00fear sem h\u00f3teli\u00f0 og \u00fej\u00f3nusta \u00feess er kynnt.\u00a0\u00deessa vefs\u00ed\u00f0u skal uppf\u00e6ra reglulega.\u00a0<\/li><li><strong>H\u00f3tel Rau\u00f0askri\u00f0a<\/strong> gefur \u00fat b\u00e6klinga eftir \u00fe\u00f6rfum me\u00f0 n\u00fdjustu uppl\u00fdsingum \u00fear sem h\u00f3teli\u00f0, \u00fej\u00f3nustan o.fl. er kynnt.\u00a0<\/li><li><strong>H\u00f3tel Rau\u00f0askri\u00f0a<\/strong> tekur \u00fe\u00e1tt \u00ed sv\u00e6\u00f0isbundnu samstarfi fyrirt\u00e6kja \u00ed sama geira sem og \u00f6\u00f0ru samb\u00e6rilegu samstarfi \u00e1 landsv\u00edsu.\u00a0\u00a0<\/li><li>Skr\u00e1ning b\u00f3kunaruppl\u00fdsinga uppfyllir kr\u00f6fur Hagstofu \u00cdslands og \u00f6llum fyrirspurnum er svara\u00f0 innan s\u00f3larhrings.\u00a0<\/li><li>Vi\u00f0skiptavinir eru uppl\u00fdstir um heildarver\u00f0 b\u00f3kunar sem og afb\u00f3kunar og \u201eno show\u201c skilm\u00e1la.<\/li><li><strong>H\u00f3tel Rau\u00f0askri\u00f0a<\/strong> tekur tillit til allra uppl\u00fdsinga, kannana, kvartana o.s.frv. til a\u00f0 b\u00e6ta \u00fej\u00f3nustuna.<\/li><li>Starfsf\u00f3lk <strong>H\u00f3tels Rau\u00f0uskri\u00f0u<\/strong> er kurteist og kemur vel fram vi\u00f0 gesti\/vi\u00f0skiptavini me\u00f0 \u00fea\u00f0 a\u00f0 markmi\u00f0i a\u00f0 upplifun \u00feeirra af dv\u00f6linni ver\u00f0i eftirminnileg \u00e1 sem j\u00e1kv\u00e6\u00f0astan m\u00e1ta.<\/li><li><strong>H\u00f3tel Rau\u00f0askri\u00f0a<\/strong> leitast vi\u00f0 a\u00f0 r\u00e1\u00f0a starfsf\u00f3lk me\u00f0 \u00fea\u00f0 a\u00f0 markmi\u00f0i a\u00f0 sem flest tungum\u00e1l s\u00e9u t\u00f6lu\u00f0 af h\u00f3telstarfsf\u00f3lkinu og b\u00e6ta \u00feannig \u00fej\u00f3nustu vi\u00f0 gesti af mismunandi \u00fej\u00f3\u00f0ernum.\u00a0\u00a0<\/li><\/ul>\n\n\n\n<p>\u00deessi \u00fej\u00f3nustustefna er studd af starfsmannastefnu.&nbsp;&nbsp;<\/p>\n","protected":false},"excerpt":{"rendered":"<p>H\u00f3tel Rau\u00f0askri\u00f0a leggur mikla \u00e1herslu \u00e1 fyrsta flokks \u00fej\u00f3nustu gagnvart gestum s\u00ednum og \u00f6\u00f0rum vi\u00f0skipavinum.\u00a0\u00a0 H\u00f3tel Rau\u00f0askri\u00f0a uppfyllir \u00f6ll l\u00f6g og regluger\u00f0ir sem sn\u00faa a\u00f0 \u00fev\u00ed a\u00f0 n\u00e1 markmi\u00f0um s\u00ednum.\u00a0 H\u00f3tel Rau\u00f0askri\u00f0a er me\u00f0 vefs\u00ed\u00f0u \u00fear sem h\u00f3teli\u00f0 og \u00fej\u00f3nusta \u00feess er kynnt.\u00a0\u00deessa vefs\u00ed\u00f0u skal uppf\u00e6ra reglulega.\u00a0 H\u00f3tel Rau\u00f0askri\u00f0a gefur \u00fat b\u00e6klinga eftir \u00fe\u00f6rfum me\u00f0<\/p>\n","protected":false},"author":1,"featured_media":0,"parent":0,"menu_order":0,"comment_status":"closed","ping_status":"closed","template":"","meta":{"footnotes":""},"class_list":["post-1003","page","type-page","status-publish","hentry"],"yoast_head":"<!-- This site is optimized with the Yoast SEO plugin v26.9 - https:\/\/yoast.com\/product\/yoast-seo-wordpress\/ -->\n<title>\u00dej\u00f3nustustefna - H\u00f3tel Rau\u00f0askri\u00f0a<\/title>\n<meta name=\"robots\" content=\"index, follow, max-snippet:-1, max-image-preview:large, max-video-preview:-1\" \/>\n<link rel=\"canonical\" href=\"https:\/\/hotelraudaskrida.is\/is\/thjonustustefna\/\" \/>\n<meta property=\"og:locale\" content=\"is_IS\" \/>\n<meta property=\"og:type\" content=\"article\" \/>\n<meta property=\"og:title\" content=\"\u00dej\u00f3nustustefna - H\u00f3tel Rau\u00f0askri\u00f0a\" \/>\n<meta property=\"og:description\" content=\"H\u00f3tel Rau\u00f0askri\u00f0a leggur mikla \u00e1herslu \u00e1 fyrsta flokks \u00fej\u00f3nustu gagnvart gestum s\u00ednum og \u00f6\u00f0rum vi\u00f0skipavinum.\u00a0\u00a0 H\u00f3tel Rau\u00f0askri\u00f0a uppfyllir \u00f6ll l\u00f6g og regluger\u00f0ir sem sn\u00faa a\u00f0 \u00fev\u00ed a\u00f0 n\u00e1 markmi\u00f0um s\u00ednum.\u00a0 H\u00f3tel Rau\u00f0askri\u00f0a er me\u00f0 vefs\u00ed\u00f0u \u00fear sem h\u00f3teli\u00f0 og \u00fej\u00f3nusta \u00feess er kynnt.\u00a0\u00deessa vefs\u00ed\u00f0u skal uppf\u00e6ra reglulega.\u00a0 H\u00f3tel Rau\u00f0askri\u00f0a gefur \u00fat b\u00e6klinga eftir \u00fe\u00f6rfum me\u00f0\" \/>\n<meta property=\"og:url\" content=\"https:\/\/hotelraudaskrida.is\/is\/thjonustustefna\/\" \/>\n<meta property=\"og:site_name\" content=\"H\u00f3tel Rau\u00f0askri\u00f0a\" \/>\n<meta property=\"article:modified_time\" content=\"2021-05-16T13:24:24+00:00\" \/>\n<meta name=\"twitter:card\" content=\"summary_large_image\" \/>\n<meta name=\"twitter:label1\" content=\"Est. reading time\" \/>\n\t<meta name=\"twitter:data1\" content=\"1 minute\" \/>\n<script type=\"application\/ld+json\" class=\"yoast-schema-graph\">{\"@context\":\"https:\/\/schema.org\",\"@graph\":[{\"@type\":\"WebPage\",\"@id\":\"https:\/\/hotelraudaskrida.is\/is\/thjonustustefna\/\",\"url\":\"https:\/\/hotelraudaskrida.is\/is\/thjonustustefna\/\",\"name\":\"\u00dej\u00f3nustustefna - H\u00f3tel Rau\u00f0askri\u00f0a\",\"isPartOf\":{\"@id\":\"https:\/\/hotelraudaskrida.is\/is\/#website\"},\"datePublished\":\"2021-05-03T16:59:17+00:00\",\"dateModified\":\"2021-05-16T13:24:24+00:00\",\"breadcrumb\":{\"@id\":\"https:\/\/hotelraudaskrida.is\/is\/thjonustustefna\/#breadcrumb\"},\"inLanguage\":\"is\",\"potentialAction\":[{\"@type\":\"ReadAction\",\"target\":[\"https:\/\/hotelraudaskrida.is\/is\/thjonustustefna\/\"]}]},{\"@type\":\"BreadcrumbList\",\"@id\":\"https:\/\/hotelraudaskrida.is\/is\/thjonustustefna\/#breadcrumb\",\"itemListElement\":[{\"@type\":\"ListItem\",\"position\":1,\"name\":\"Home\",\"item\":\"https:\/\/hotelraudaskrida.is\/is\/\"},{\"@type\":\"ListItem\",\"position\":2,\"name\":\"\u00dej\u00f3nustustefna\"}]},{\"@type\":\"WebSite\",\"@id\":\"https:\/\/hotelraudaskrida.is\/is\/#website\",\"url\":\"https:\/\/hotelraudaskrida.is\/is\/\",\"name\":\"H\u00f3tel Rau\u00f0askri\u00f0a\",\"description\":\"Veri\u00f0 velkomin\",\"publisher\":{\"@id\":\"https:\/\/hotelraudaskrida.is\/is\/#organization\"},\"potentialAction\":[{\"@type\":\"SearchAction\",\"target\":{\"@type\":\"EntryPoint\",\"urlTemplate\":\"https:\/\/hotelraudaskrida.is\/is\/?s={search_term_string}\"},\"query-input\":{\"@type\":\"PropertyValueSpecification\",\"valueRequired\":true,\"valueName\":\"search_term_string\"}}],\"inLanguage\":\"is\"},{\"@type\":\"Organization\",\"@id\":\"https:\/\/hotelraudaskrida.is\/is\/#organization\",\"name\":\"H\u00f3tel Rau\u00f0askri\u00f0a\",\"url\":\"https:\/\/hotelraudaskrida.is\/is\/\",\"logo\":{\"@type\":\"ImageObject\",\"inLanguage\":\"is\",\"@id\":\"https:\/\/hotelraudaskrida.is\/is\/#\/schema\/logo\/image\/\",\"url\":\"https:\/\/hotelraudaskrida.is\/wp-content\/uploads\/2016\/01\/Raudaskrida_logo.png\",\"contentUrl\":\"https:\/\/hotelraudaskrida.is\/wp-content\/uploads\/2016\/01\/Raudaskrida_logo.png\",\"width\":600,\"height\":225,\"caption\":\"H\u00f3tel Rau\u00f0askri\u00f0a\"},\"image\":{\"@id\":\"https:\/\/hotelraudaskrida.is\/is\/#\/schema\/logo\/image\/\"},\"sameAs\":[\"https:\/\/www.instagram.com\/hotelraudaskrida\/\"]}]}<\/script>\n<!-- \/ Yoast SEO plugin. -->","yoast_head_json":{"title":"\u00dej\u00f3nustustefna - H\u00f3tel Rau\u00f0askri\u00f0a","robots":{"index":"index","follow":"follow","max-snippet":"max-snippet:-1","max-image-preview":"max-image-preview:large","max-video-preview":"max-video-preview:-1"},"canonical":"https:\/\/hotelraudaskrida.is\/is\/thjonustustefna\/","og_locale":"is_IS","og_type":"article","og_title":"\u00dej\u00f3nustustefna - H\u00f3tel Rau\u00f0askri\u00f0a","og_description":"H\u00f3tel Rau\u00f0askri\u00f0a leggur mikla \u00e1herslu \u00e1 fyrsta flokks \u00fej\u00f3nustu gagnvart gestum s\u00ednum og \u00f6\u00f0rum vi\u00f0skipavinum.\u00a0\u00a0 H\u00f3tel Rau\u00f0askri\u00f0a uppfyllir \u00f6ll l\u00f6g og regluger\u00f0ir sem sn\u00faa a\u00f0 \u00fev\u00ed a\u00f0 n\u00e1 markmi\u00f0um s\u00ednum.\u00a0 H\u00f3tel Rau\u00f0askri\u00f0a er me\u00f0 vefs\u00ed\u00f0u \u00fear sem h\u00f3teli\u00f0 og \u00fej\u00f3nusta \u00feess er kynnt.\u00a0\u00deessa vefs\u00ed\u00f0u skal uppf\u00e6ra reglulega.\u00a0 H\u00f3tel Rau\u00f0askri\u00f0a gefur \u00fat b\u00e6klinga eftir \u00fe\u00f6rfum me\u00f0","og_url":"https:\/\/hotelraudaskrida.is\/is\/thjonustustefna\/","og_site_name":"H\u00f3tel Rau\u00f0askri\u00f0a","article_modified_time":"2021-05-16T13:24:24+00:00","twitter_card":"summary_large_image","twitter_misc":{"Est. reading time":"1 minute"},"schema":{"@context":"https:\/\/schema.org","@graph":[{"@type":"WebPage","@id":"https:\/\/hotelraudaskrida.is\/is\/thjonustustefna\/","url":"https:\/\/hotelraudaskrida.is\/is\/thjonustustefna\/","name":"\u00dej\u00f3nustustefna - H\u00f3tel Rau\u00f0askri\u00f0a","isPartOf":{"@id":"https:\/\/hotelraudaskrida.is\/is\/#website"},"datePublished":"2021-05-03T16:59:17+00:00","dateModified":"2021-05-16T13:24:24+00:00","breadcrumb":{"@id":"https:\/\/hotelraudaskrida.is\/is\/thjonustustefna\/#breadcrumb"},"inLanguage":"is","potentialAction":[{"@type":"ReadAction","target":["https:\/\/hotelraudaskrida.is\/is\/thjonustustefna\/"]}]},{"@type":"BreadcrumbList","@id":"https:\/\/hotelraudaskrida.is\/is\/thjonustustefna\/#breadcrumb","itemListElement":[{"@type":"ListItem","position":1,"name":"Home","item":"https:\/\/hotelraudaskrida.is\/is\/"},{"@type":"ListItem","position":2,"name":"\u00dej\u00f3nustustefna"}]},{"@type":"WebSite","@id":"https:\/\/hotelraudaskrida.is\/is\/#website","url":"https:\/\/hotelraudaskrida.is\/is\/","name":"H\u00f3tel Rau\u00f0askri\u00f0a","description":"Veri\u00f0 velkomin","publisher":{"@id":"https:\/\/hotelraudaskrida.is\/is\/#organization"},"potentialAction":[{"@type":"SearchAction","target":{"@type":"EntryPoint","urlTemplate":"https:\/\/hotelraudaskrida.is\/is\/?s={search_term_string}"},"query-input":{"@type":"PropertyValueSpecification","valueRequired":true,"valueName":"search_term_string"}}],"inLanguage":"is"},{"@type":"Organization","@id":"https:\/\/hotelraudaskrida.is\/is\/#organization","name":"H\u00f3tel Rau\u00f0askri\u00f0a","url":"https:\/\/hotelraudaskrida.is\/is\/","logo":{"@type":"ImageObject","inLanguage":"is","@id":"https:\/\/hotelraudaskrida.is\/is\/#\/schema\/logo\/image\/","url":"https:\/\/hotelraudaskrida.is\/wp-content\/uploads\/2016\/01\/Raudaskrida_logo.png","contentUrl":"https:\/\/hotelraudaskrida.is\/wp-content\/uploads\/2016\/01\/Raudaskrida_logo.png","width":600,"height":225,"caption":"H\u00f3tel Rau\u00f0askri\u00f0a"},"image":{"@id":"https:\/\/hotelraudaskrida.is\/is\/#\/schema\/logo\/image\/"},"sameAs":["https:\/\/www.instagram.com\/hotelraudaskrida\/"]}]}},"_links":{"self":[{"href":"https:\/\/hotelraudaskrida.is\/is\/wp-json\/wp\/v2\/pages\/1003","targetHints":{"allow":["GET"]}}],"collection":[{"href":"https:\/\/hotelraudaskrida.is\/is\/wp-json\/wp\/v2\/pages"}],"about":[{"href":"https:\/\/hotelraudaskrida.is\/is\/wp-json\/wp\/v2\/types\/page"}],"author":[{"embeddable":true,"href":"https:\/\/hotelraudaskrida.is\/is\/wp-json\/wp\/v2\/users\/1"}],"replies":[{"embeddable":true,"href":"https:\/\/hotelraudaskrida.is\/is\/wp-json\/wp\/v2\/comments?post=1003"}],"version-history":[{"count":8,"href":"https:\/\/hotelraudaskrida.is\/is\/wp-json\/wp\/v2\/pages\/1003\/revisions"}],"predecessor-version":[{"id":1236,"href":"https:\/\/hotelraudaskrida.is\/is\/wp-json\/wp\/v2\/pages\/1003\/revisions\/1236"}],"wp:attachment":[{"href":"https:\/\/hotelraudaskrida.is\/is\/wp-json\/wp\/v2\/media?parent=1003"}],"curies":[{"name":"wp","href":"https:\/\/api.w.org\/{rel}","templated":true}]}}