{"id":1008,"date":"2021-05-03T17:02:14","date_gmt":"2021-05-03T17:02:14","guid":{"rendered":"https:\/\/hotelraudaskrida.is\/?page_id=1008"},"modified":"2021-05-16T13:22:33","modified_gmt":"2021-05-16T13:22:33","slug":"starfsmannastefna","status":"publish","type":"page","link":"https:\/\/hotelraudaskrida.is\/is\/starfsmannastefna\/","title":{"rendered":"Starfsmannastefna"},"content":{"rendered":"\n<p><strong>H\u00f3tel Rau\u00f0askri\u00f0a\u00a0<\/strong>r\u00e6\u00f0ur fagl\u00e6rt starfsf\u00f3lk e\u00f0a anna\u00f0 h\u00e6ft starfsf\u00f3lk til starfa \u00e1 h\u00f3telinu.\u00a0Sem d\u00e6mi um mikilv\u00e6g atri\u00f0i vi\u00f0 r\u00e1\u00f0ningu eru; menntun, fyrri starfsreynsla \u00ed samb\u00e6rilegum greinum og g\u00f3\u00f0 tungum\u00e1lakunn\u00e1tta. <\/p>\n\n\n\n<p><strong>H\u00f3tel Rau\u00f0askri\u00f0a<\/strong> uppfyllir \u00f6ll l\u00f6g og regluger\u00f0ir sem sn\u00faa a\u00f0 \u00feessari starfsmannastefnu. <\/p>\n\n\n\n<p><strong>H\u00f3tel Rau\u00f0askri\u00f0a<\/strong> kynnir \u00e1 fyrstu stigum r\u00e1\u00f0ningar, r\u00e9ttindi og skyldur starfsf\u00f3lks.<\/p>\n\n\n\n<p><strong>H\u00f3tel Rau\u00f0askri\u00f0a<\/strong> \u00fatvegar starfsf\u00f3lki h\u00fasn\u00e6\u00f0i s\u00e9 \u00feess \u00fe\u00f6rf og einnig mat og fatna\u00f0 \u00e1 vinnut\u00edma.<\/p>\n\n\n\n<p><strong>H\u00f3tel Rau\u00f0askri\u00f0a<\/strong> gerir sitt besta til a\u00f0 f\u00e1 afsl\u00e1ttarkj\u00f6r og fr\u00edmi\u00f0a hj\u00e1 \u00f6\u00f0rum fer\u00f0a\u00fej\u00f3nustufyrirt\u00e6kjum \u00e1 sv\u00e6\u00f0inu, fyrir starfsf\u00f3lk sitt.<\/p>\n\n\n\n<p>\u00cd upphafi r\u00e1\u00f0ningar fer af sta\u00f0 skilgreint ferli sem mi\u00f0ar a\u00f0 \u00fev\u00ed a\u00f0 samstarf starfsmanns og starfseminnar lei\u00f0i til \u00feess a\u00f0 markmi\u00f0 beggja n\u00e1ist.<\/p>\n\n\n\n<p>Brug\u00f0ist er vi\u00f0 \u00f3vi\u00f0eigandi heg\u00f0un eftir \u00fe\u00f6rfum \u00e1n tafar. T.d. hva\u00f0 var\u00f0ar kynfer\u00f0islegt \u00e1reiti, einelti, kyn\u00fe\u00e1ttaford\u00f3ma o.s.frv. og m\u00e1li\u00f0 leyst ef h\u00e6gt er en annars er vi\u00f0komandi starfsmanni sagt upp st\u00f6rfum.<\/p>\n\n\n\n<p>Haldnir eru reglulegir starfsmannafundir \u00fear sem mikilv\u00e6g m\u00e1lefni er var\u00f0a reksturinn og starfsmannam\u00e1l eru r\u00e6dd.<\/p>\n","protected":false},"excerpt":{"rendered":"<p>H\u00f3tel Rau\u00f0askri\u00f0a\u00a0r\u00e6\u00f0ur fagl\u00e6rt starfsf\u00f3lk e\u00f0a anna\u00f0 h\u00e6ft starfsf\u00f3lk til starfa \u00e1 h\u00f3telinu.\u00a0Sem d\u00e6mi um mikilv\u00e6g atri\u00f0i vi\u00f0 r\u00e1\u00f0ningu eru; menntun, fyrri starfsreynsla \u00ed samb\u00e6rilegum greinum og g\u00f3\u00f0 tungum\u00e1lakunn\u00e1tta. H\u00f3tel Rau\u00f0askri\u00f0a uppfyllir \u00f6ll l\u00f6g og regluger\u00f0ir sem sn\u00faa a\u00f0 \u00feessari starfsmannastefnu. H\u00f3tel Rau\u00f0askri\u00f0a kynnir \u00e1 fyrstu stigum r\u00e1\u00f0ningar, r\u00e9ttindi og skyldur starfsf\u00f3lks. H\u00f3tel Rau\u00f0askri\u00f0a \u00fatvegar starfsf\u00f3lki<\/p>\n","protected":false},"author":1,"featured_media":0,"parent":0,"menu_order":0,"comment_status":"closed","ping_status":"closed","template":"","meta":{"footnotes":""},"class_list":["post-1008","page","type-page","status-publish","hentry"],"yoast_head":"<!-- This site is optimized with the Yoast SEO plugin v26.9 - https:\/\/yoast.com\/product\/yoast-seo-wordpress\/ -->\n<title>Starfsmannastefna - H\u00f3tel Rau\u00f0askri\u00f0a<\/title>\n<meta name=\"robots\" content=\"index, follow, max-snippet:-1, max-image-preview:large, max-video-preview:-1\" \/>\n<link rel=\"canonical\" href=\"https:\/\/hotelraudaskrida.is\/is\/starfsmannastefna\/\" \/>\n<meta property=\"og:locale\" content=\"is_IS\" \/>\n<meta property=\"og:type\" content=\"article\" \/>\n<meta property=\"og:title\" content=\"Starfsmannastefna - H\u00f3tel Rau\u00f0askri\u00f0a\" \/>\n<meta property=\"og:description\" content=\"H\u00f3tel Rau\u00f0askri\u00f0a\u00a0r\u00e6\u00f0ur fagl\u00e6rt starfsf\u00f3lk e\u00f0a anna\u00f0 h\u00e6ft starfsf\u00f3lk til starfa \u00e1 h\u00f3telinu.\u00a0Sem d\u00e6mi um mikilv\u00e6g atri\u00f0i vi\u00f0 r\u00e1\u00f0ningu eru; menntun, fyrri starfsreynsla \u00ed samb\u00e6rilegum greinum og g\u00f3\u00f0 tungum\u00e1lakunn\u00e1tta. H\u00f3tel Rau\u00f0askri\u00f0a uppfyllir \u00f6ll l\u00f6g og regluger\u00f0ir sem sn\u00faa a\u00f0 \u00feessari starfsmannastefnu. H\u00f3tel Rau\u00f0askri\u00f0a kynnir \u00e1 fyrstu stigum r\u00e1\u00f0ningar, r\u00e9ttindi og skyldur starfsf\u00f3lks. H\u00f3tel Rau\u00f0askri\u00f0a \u00fatvegar starfsf\u00f3lki\" \/>\n<meta property=\"og:url\" content=\"https:\/\/hotelraudaskrida.is\/is\/starfsmannastefna\/\" \/>\n<meta property=\"og:site_name\" content=\"H\u00f3tel Rau\u00f0askri\u00f0a\" \/>\n<meta property=\"article:modified_time\" content=\"2021-05-16T13:22:33+00:00\" \/>\n<meta name=\"twitter:card\" content=\"summary_large_image\" \/>\n<meta name=\"twitter:label1\" content=\"Est. reading time\" \/>\n\t<meta name=\"twitter:data1\" content=\"1 minute\" \/>\n<script type=\"application\/ld+json\" class=\"yoast-schema-graph\">{\"@context\":\"https:\/\/schema.org\",\"@graph\":[{\"@type\":\"WebPage\",\"@id\":\"https:\/\/hotelraudaskrida.is\/is\/starfsmannastefna\/\",\"url\":\"https:\/\/hotelraudaskrida.is\/is\/starfsmannastefna\/\",\"name\":\"Starfsmannastefna - H\u00f3tel Rau\u00f0askri\u00f0a\",\"isPartOf\":{\"@id\":\"https:\/\/hotelraudaskrida.is\/is\/#website\"},\"datePublished\":\"2021-05-03T17:02:14+00:00\",\"dateModified\":\"2021-05-16T13:22:33+00:00\",\"breadcrumb\":{\"@id\":\"https:\/\/hotelraudaskrida.is\/is\/starfsmannastefna\/#breadcrumb\"},\"inLanguage\":\"is\",\"potentialAction\":[{\"@type\":\"ReadAction\",\"target\":[\"https:\/\/hotelraudaskrida.is\/is\/starfsmannastefna\/\"]}]},{\"@type\":\"BreadcrumbList\",\"@id\":\"https:\/\/hotelraudaskrida.is\/is\/starfsmannastefna\/#breadcrumb\",\"itemListElement\":[{\"@type\":\"ListItem\",\"position\":1,\"name\":\"Home\",\"item\":\"https:\/\/hotelraudaskrida.is\/is\/\"},{\"@type\":\"ListItem\",\"position\":2,\"name\":\"Starfsmannastefna\"}]},{\"@type\":\"WebSite\",\"@id\":\"https:\/\/hotelraudaskrida.is\/is\/#website\",\"url\":\"https:\/\/hotelraudaskrida.is\/is\/\",\"name\":\"H\u00f3tel Rau\u00f0askri\u00f0a\",\"description\":\"Veri\u00f0 velkomin\",\"publisher\":{\"@id\":\"https:\/\/hotelraudaskrida.is\/is\/#organization\"},\"potentialAction\":[{\"@type\":\"SearchAction\",\"target\":{\"@type\":\"EntryPoint\",\"urlTemplate\":\"https:\/\/hotelraudaskrida.is\/is\/?s={search_term_string}\"},\"query-input\":{\"@type\":\"PropertyValueSpecification\",\"valueRequired\":true,\"valueName\":\"search_term_string\"}}],\"inLanguage\":\"is\"},{\"@type\":\"Organization\",\"@id\":\"https:\/\/hotelraudaskrida.is\/is\/#organization\",\"name\":\"H\u00f3tel Rau\u00f0askri\u00f0a\",\"url\":\"https:\/\/hotelraudaskrida.is\/is\/\",\"logo\":{\"@type\":\"ImageObject\",\"inLanguage\":\"is\",\"@id\":\"https:\/\/hotelraudaskrida.is\/is\/#\/schema\/logo\/image\/\",\"url\":\"https:\/\/hotelraudaskrida.is\/wp-content\/uploads\/2016\/01\/Raudaskrida_logo.png\",\"contentUrl\":\"https:\/\/hotelraudaskrida.is\/wp-content\/uploads\/2016\/01\/Raudaskrida_logo.png\",\"width\":600,\"height\":225,\"caption\":\"H\u00f3tel Rau\u00f0askri\u00f0a\"},\"image\":{\"@id\":\"https:\/\/hotelraudaskrida.is\/is\/#\/schema\/logo\/image\/\"},\"sameAs\":[\"https:\/\/www.instagram.com\/hotelraudaskrida\/\"]}]}<\/script>\n<!-- \/ Yoast SEO plugin. -->","yoast_head_json":{"title":"Starfsmannastefna - H\u00f3tel Rau\u00f0askri\u00f0a","robots":{"index":"index","follow":"follow","max-snippet":"max-snippet:-1","max-image-preview":"max-image-preview:large","max-video-preview":"max-video-preview:-1"},"canonical":"https:\/\/hotelraudaskrida.is\/is\/starfsmannastefna\/","og_locale":"is_IS","og_type":"article","og_title":"Starfsmannastefna - H\u00f3tel Rau\u00f0askri\u00f0a","og_description":"H\u00f3tel Rau\u00f0askri\u00f0a\u00a0r\u00e6\u00f0ur fagl\u00e6rt starfsf\u00f3lk e\u00f0a anna\u00f0 h\u00e6ft starfsf\u00f3lk til starfa \u00e1 h\u00f3telinu.\u00a0Sem d\u00e6mi um mikilv\u00e6g atri\u00f0i vi\u00f0 r\u00e1\u00f0ningu eru; menntun, fyrri starfsreynsla \u00ed samb\u00e6rilegum greinum og g\u00f3\u00f0 tungum\u00e1lakunn\u00e1tta. H\u00f3tel Rau\u00f0askri\u00f0a uppfyllir \u00f6ll l\u00f6g og regluger\u00f0ir sem sn\u00faa a\u00f0 \u00feessari starfsmannastefnu. H\u00f3tel Rau\u00f0askri\u00f0a kynnir \u00e1 fyrstu stigum r\u00e1\u00f0ningar, r\u00e9ttindi og skyldur starfsf\u00f3lks. H\u00f3tel Rau\u00f0askri\u00f0a \u00fatvegar starfsf\u00f3lki","og_url":"https:\/\/hotelraudaskrida.is\/is\/starfsmannastefna\/","og_site_name":"H\u00f3tel Rau\u00f0askri\u00f0a","article_modified_time":"2021-05-16T13:22:33+00:00","twitter_card":"summary_large_image","twitter_misc":{"Est. reading time":"1 minute"},"schema":{"@context":"https:\/\/schema.org","@graph":[{"@type":"WebPage","@id":"https:\/\/hotelraudaskrida.is\/is\/starfsmannastefna\/","url":"https:\/\/hotelraudaskrida.is\/is\/starfsmannastefna\/","name":"Starfsmannastefna - H\u00f3tel Rau\u00f0askri\u00f0a","isPartOf":{"@id":"https:\/\/hotelraudaskrida.is\/is\/#website"},"datePublished":"2021-05-03T17:02:14+00:00","dateModified":"2021-05-16T13:22:33+00:00","breadcrumb":{"@id":"https:\/\/hotelraudaskrida.is\/is\/starfsmannastefna\/#breadcrumb"},"inLanguage":"is","potentialAction":[{"@type":"ReadAction","target":["https:\/\/hotelraudaskrida.is\/is\/starfsmannastefna\/"]}]},{"@type":"BreadcrumbList","@id":"https:\/\/hotelraudaskrida.is\/is\/starfsmannastefna\/#breadcrumb","itemListElement":[{"@type":"ListItem","position":1,"name":"Home","item":"https:\/\/hotelraudaskrida.is\/is\/"},{"@type":"ListItem","position":2,"name":"Starfsmannastefna"}]},{"@type":"WebSite","@id":"https:\/\/hotelraudaskrida.is\/is\/#website","url":"https:\/\/hotelraudaskrida.is\/is\/","name":"H\u00f3tel Rau\u00f0askri\u00f0a","description":"Veri\u00f0 velkomin","publisher":{"@id":"https:\/\/hotelraudaskrida.is\/is\/#organization"},"potentialAction":[{"@type":"SearchAction","target":{"@type":"EntryPoint","urlTemplate":"https:\/\/hotelraudaskrida.is\/is\/?s={search_term_string}"},"query-input":{"@type":"PropertyValueSpecification","valueRequired":true,"valueName":"search_term_string"}}],"inLanguage":"is"},{"@type":"Organization","@id":"https:\/\/hotelraudaskrida.is\/is\/#organization","name":"H\u00f3tel Rau\u00f0askri\u00f0a","url":"https:\/\/hotelraudaskrida.is\/is\/","logo":{"@type":"ImageObject","inLanguage":"is","@id":"https:\/\/hotelraudaskrida.is\/is\/#\/schema\/logo\/image\/","url":"https:\/\/hotelraudaskrida.is\/wp-content\/uploads\/2016\/01\/Raudaskrida_logo.png","contentUrl":"https:\/\/hotelraudaskrida.is\/wp-content\/uploads\/2016\/01\/Raudaskrida_logo.png","width":600,"height":225,"caption":"H\u00f3tel Rau\u00f0askri\u00f0a"},"image":{"@id":"https:\/\/hotelraudaskrida.is\/is\/#\/schema\/logo\/image\/"},"sameAs":["https:\/\/www.instagram.com\/hotelraudaskrida\/"]}]}},"_links":{"self":[{"href":"https:\/\/hotelraudaskrida.is\/is\/wp-json\/wp\/v2\/pages\/1008","targetHints":{"allow":["GET"]}}],"collection":[{"href":"https:\/\/hotelraudaskrida.is\/is\/wp-json\/wp\/v2\/pages"}],"about":[{"href":"https:\/\/hotelraudaskrida.is\/is\/wp-json\/wp\/v2\/types\/page"}],"author":[{"embeddable":true,"href":"https:\/\/hotelraudaskrida.is\/is\/wp-json\/wp\/v2\/users\/1"}],"replies":[{"embeddable":true,"href":"https:\/\/hotelraudaskrida.is\/is\/wp-json\/wp\/v2\/comments?post=1008"}],"version-history":[{"count":14,"href":"https:\/\/hotelraudaskrida.is\/is\/wp-json\/wp\/v2\/pages\/1008\/revisions"}],"predecessor-version":[{"id":1234,"href":"https:\/\/hotelraudaskrida.is\/is\/wp-json\/wp\/v2\/pages\/1008\/revisions\/1234"}],"wp:attachment":[{"href":"https:\/\/hotelraudaskrida.is\/is\/wp-json\/wp\/v2\/media?parent=1008"}],"curies":[{"name":"wp","href":"https:\/\/api.w.org\/{rel}","templated":true}]}}