{"id":1010,"date":"2021-05-03T17:04:06","date_gmt":"2021-05-03T17:04:06","guid":{"rendered":"https:\/\/hotelraudaskrida.is\/?page_id=1010"},"modified":"2021-05-16T13:38:23","modified_gmt":"2021-05-16T13:38:23","slug":"umhverfisstefna","status":"publish","type":"page","link":"https:\/\/hotelraudaskrida.is\/is\/umhverfisstefna\/","title":{"rendered":"Umhverfisstefna"},"content":{"rendered":"\n<p><strong><strong>Markmi\u00f0 H\u00f3tel Rau\u00f0uskri\u00f0u eru a\u00f0:<\/strong><\/strong><\/p>\n\n\n\n<ul class=\"wp-block-list\"><li>vinna st\u00f6\u00f0ugt a\u00f0 \u00fev\u00ed a\u00f0 n\u00e6rumhverfi h\u00f3telsins s\u00e9 hreint og a\u00f0la\u00f0andi.<\/li><li>sty\u00f0ja vi\u00f0 verndun sv\u00e6\u00f0a me\u00f0 menningarlegt- og\/e\u00f0a n\u00e1tt\u00farulegt mikilv\u00e6gi.<\/li><li>minnka mengun me\u00f0 \u00fev\u00ed a\u00f0 minnka s\u00f3un \u00e1 hlutum, t.d. me\u00f0 endurn\u00fdtingu og endurvinnslu.<\/li><li>tryggja a\u00f0 fr\u00e1rennslisvatn hafi ekki mengandi \u00e1hrif \u00e1 umhverfi\u00f0.<\/li><li>n\u00fdta endurvinnanlegar au\u00f0lindir \u00ed starfseminni.<\/li><li>stunda \u201egr\u00e6n\u201c (vistv\u00e6n, l\u00edfr\u00e6n, umhverfisv\u00e6n) innkaup.<\/li><li>leitast st\u00f6\u00f0ugt eftir n\u00fdrri \u00feekkingu var\u00f0andi umhverfism\u00e1l og uppl\u00fdsa starfsf\u00f3lk um sl\u00edk m\u00e1l.<\/li><li>virkja gesti \u00ed umhverfisvernd, me\u00f0 uppl\u00fdsingum,&nbsp;reglum og \u00e1bendingum.<\/li><li>styrkja samstarf okkar me\u00f0 yfirv\u00f6ldum og \u00f6\u00f0rum fyrirt\u00e6kjum og \u00edb\u00faum sv\u00e6\u00f0isins.<\/li><li>leitast vi\u00f0 a\u00f0 uppfylla l\u00f6g og regluger\u00f0ir er var\u00f0a umhverfi\u00f0.<\/li><li>leitast st\u00f6\u00f0ugt vi\u00f0 a\u00f0 b\u00e6ta okkur \u00ed \u00fev\u00ed sem sn\u00fdr a\u00f0 framkv\u00e6mdum og \u00fej\u00f3nustu me\u00f0 \u00fea\u00f0 a\u00f0 markmi\u00f0i a\u00f0 draga \u00far \u00f3afturkr\u00e6mum \u00e1hrifum \u00e1 umhverfi\u00f0.<\/li><\/ul>\n","protected":false},"excerpt":{"rendered":"<p>Markmi\u00f0 H\u00f3tel Rau\u00f0uskri\u00f0u eru a\u00f0: vinna st\u00f6\u00f0ugt a\u00f0 \u00fev\u00ed a\u00f0 n\u00e6rumhverfi h\u00f3telsins s\u00e9 hreint og a\u00f0la\u00f0andi. sty\u00f0ja vi\u00f0 verndun sv\u00e6\u00f0a me\u00f0 menningarlegt- og\/e\u00f0a n\u00e1tt\u00farulegt mikilv\u00e6gi. minnka mengun me\u00f0 \u00fev\u00ed a\u00f0 minnka s\u00f3un \u00e1 hlutum, t.d. me\u00f0 endurn\u00fdtingu og endurvinnslu. tryggja a\u00f0 fr\u00e1rennslisvatn hafi ekki mengandi \u00e1hrif \u00e1 umhverfi\u00f0. n\u00fdta endurvinnanlegar au\u00f0lindir \u00ed starfseminni. stunda \u201egr\u00e6n\u201c<\/p>\n","protected":false},"author":1,"featured_media":0,"parent":0,"menu_order":0,"comment_status":"closed","ping_status":"closed","template":"","meta":{"footnotes":""},"class_list":["post-1010","page","type-page","status-publish","hentry"],"yoast_head":"<!-- This site is optimized with the Yoast SEO plugin v26.9 - https:\/\/yoast.com\/product\/yoast-seo-wordpress\/ -->\n<title>Umhverfisstefna - H\u00f3tel Rau\u00f0askri\u00f0a<\/title>\n<meta name=\"robots\" content=\"index, follow, max-snippet:-1, max-image-preview:large, max-video-preview:-1\" \/>\n<link rel=\"canonical\" href=\"https:\/\/hotelraudaskrida.is\/is\/umhverfisstefna\/\" \/>\n<meta property=\"og:locale\" content=\"is_IS\" \/>\n<meta property=\"og:type\" content=\"article\" \/>\n<meta property=\"og:title\" content=\"Umhverfisstefna - H\u00f3tel Rau\u00f0askri\u00f0a\" \/>\n<meta property=\"og:description\" content=\"Markmi\u00f0 H\u00f3tel Rau\u00f0uskri\u00f0u eru a\u00f0: vinna st\u00f6\u00f0ugt a\u00f0 \u00fev\u00ed a\u00f0 n\u00e6rumhverfi h\u00f3telsins s\u00e9 hreint og a\u00f0la\u00f0andi. sty\u00f0ja vi\u00f0 verndun sv\u00e6\u00f0a me\u00f0 menningarlegt- og\/e\u00f0a n\u00e1tt\u00farulegt mikilv\u00e6gi. minnka mengun me\u00f0 \u00fev\u00ed a\u00f0 minnka s\u00f3un \u00e1 hlutum, t.d. me\u00f0 endurn\u00fdtingu og endurvinnslu. tryggja a\u00f0 fr\u00e1rennslisvatn hafi ekki mengandi \u00e1hrif \u00e1 umhverfi\u00f0. n\u00fdta endurvinnanlegar au\u00f0lindir \u00ed starfseminni. stunda \u201egr\u00e6n\u201c\" \/>\n<meta property=\"og:url\" content=\"https:\/\/hotelraudaskrida.is\/is\/umhverfisstefna\/\" \/>\n<meta property=\"og:site_name\" content=\"H\u00f3tel Rau\u00f0askri\u00f0a\" \/>\n<meta property=\"article:modified_time\" content=\"2021-05-16T13:38:23+00:00\" \/>\n<meta name=\"twitter:card\" content=\"summary_large_image\" \/>\n<meta name=\"twitter:label1\" content=\"Est. reading time\" \/>\n\t<meta name=\"twitter:data1\" content=\"1 minute\" \/>\n<script type=\"application\/ld+json\" class=\"yoast-schema-graph\">{\"@context\":\"https:\/\/schema.org\",\"@graph\":[{\"@type\":\"WebPage\",\"@id\":\"https:\/\/hotelraudaskrida.is\/is\/umhverfisstefna\/\",\"url\":\"https:\/\/hotelraudaskrida.is\/is\/umhverfisstefna\/\",\"name\":\"Umhverfisstefna - H\u00f3tel Rau\u00f0askri\u00f0a\",\"isPartOf\":{\"@id\":\"https:\/\/hotelraudaskrida.is\/is\/#website\"},\"datePublished\":\"2021-05-03T17:04:06+00:00\",\"dateModified\":\"2021-05-16T13:38:23+00:00\",\"breadcrumb\":{\"@id\":\"https:\/\/hotelraudaskrida.is\/is\/umhverfisstefna\/#breadcrumb\"},\"inLanguage\":\"is\",\"potentialAction\":[{\"@type\":\"ReadAction\",\"target\":[\"https:\/\/hotelraudaskrida.is\/is\/umhverfisstefna\/\"]}]},{\"@type\":\"BreadcrumbList\",\"@id\":\"https:\/\/hotelraudaskrida.is\/is\/umhverfisstefna\/#breadcrumb\",\"itemListElement\":[{\"@type\":\"ListItem\",\"position\":1,\"name\":\"Home\",\"item\":\"https:\/\/hotelraudaskrida.is\/is\/\"},{\"@type\":\"ListItem\",\"position\":2,\"name\":\"Umhverfisstefna\"}]},{\"@type\":\"WebSite\",\"@id\":\"https:\/\/hotelraudaskrida.is\/is\/#website\",\"url\":\"https:\/\/hotelraudaskrida.is\/is\/\",\"name\":\"H\u00f3tel Rau\u00f0askri\u00f0a\",\"description\":\"Veri\u00f0 velkomin\",\"publisher\":{\"@id\":\"https:\/\/hotelraudaskrida.is\/is\/#organization\"},\"potentialAction\":[{\"@type\":\"SearchAction\",\"target\":{\"@type\":\"EntryPoint\",\"urlTemplate\":\"https:\/\/hotelraudaskrida.is\/is\/?s={search_term_string}\"},\"query-input\":{\"@type\":\"PropertyValueSpecification\",\"valueRequired\":true,\"valueName\":\"search_term_string\"}}],\"inLanguage\":\"is\"},{\"@type\":\"Organization\",\"@id\":\"https:\/\/hotelraudaskrida.is\/is\/#organization\",\"name\":\"H\u00f3tel Rau\u00f0askri\u00f0a\",\"url\":\"https:\/\/hotelraudaskrida.is\/is\/\",\"logo\":{\"@type\":\"ImageObject\",\"inLanguage\":\"is\",\"@id\":\"https:\/\/hotelraudaskrida.is\/is\/#\/schema\/logo\/image\/\",\"url\":\"https:\/\/hotelraudaskrida.is\/wp-content\/uploads\/2016\/01\/Raudaskrida_logo.png\",\"contentUrl\":\"https:\/\/hotelraudaskrida.is\/wp-content\/uploads\/2016\/01\/Raudaskrida_logo.png\",\"width\":600,\"height\":225,\"caption\":\"H\u00f3tel Rau\u00f0askri\u00f0a\"},\"image\":{\"@id\":\"https:\/\/hotelraudaskrida.is\/is\/#\/schema\/logo\/image\/\"},\"sameAs\":[\"https:\/\/www.instagram.com\/hotelraudaskrida\/\"]}]}<\/script>\n<!-- \/ Yoast SEO plugin. -->","yoast_head_json":{"title":"Umhverfisstefna - H\u00f3tel Rau\u00f0askri\u00f0a","robots":{"index":"index","follow":"follow","max-snippet":"max-snippet:-1","max-image-preview":"max-image-preview:large","max-video-preview":"max-video-preview:-1"},"canonical":"https:\/\/hotelraudaskrida.is\/is\/umhverfisstefna\/","og_locale":"is_IS","og_type":"article","og_title":"Umhverfisstefna - H\u00f3tel Rau\u00f0askri\u00f0a","og_description":"Markmi\u00f0 H\u00f3tel Rau\u00f0uskri\u00f0u eru a\u00f0: vinna st\u00f6\u00f0ugt a\u00f0 \u00fev\u00ed a\u00f0 n\u00e6rumhverfi h\u00f3telsins s\u00e9 hreint og a\u00f0la\u00f0andi. sty\u00f0ja vi\u00f0 verndun sv\u00e6\u00f0a me\u00f0 menningarlegt- og\/e\u00f0a n\u00e1tt\u00farulegt mikilv\u00e6gi. minnka mengun me\u00f0 \u00fev\u00ed a\u00f0 minnka s\u00f3un \u00e1 hlutum, t.d. me\u00f0 endurn\u00fdtingu og endurvinnslu. tryggja a\u00f0 fr\u00e1rennslisvatn hafi ekki mengandi \u00e1hrif \u00e1 umhverfi\u00f0. n\u00fdta endurvinnanlegar au\u00f0lindir \u00ed starfseminni. stunda \u201egr\u00e6n\u201c","og_url":"https:\/\/hotelraudaskrida.is\/is\/umhverfisstefna\/","og_site_name":"H\u00f3tel Rau\u00f0askri\u00f0a","article_modified_time":"2021-05-16T13:38:23+00:00","twitter_card":"summary_large_image","twitter_misc":{"Est. reading time":"1 minute"},"schema":{"@context":"https:\/\/schema.org","@graph":[{"@type":"WebPage","@id":"https:\/\/hotelraudaskrida.is\/is\/umhverfisstefna\/","url":"https:\/\/hotelraudaskrida.is\/is\/umhverfisstefna\/","name":"Umhverfisstefna - H\u00f3tel Rau\u00f0askri\u00f0a","isPartOf":{"@id":"https:\/\/hotelraudaskrida.is\/is\/#website"},"datePublished":"2021-05-03T17:04:06+00:00","dateModified":"2021-05-16T13:38:23+00:00","breadcrumb":{"@id":"https:\/\/hotelraudaskrida.is\/is\/umhverfisstefna\/#breadcrumb"},"inLanguage":"is","potentialAction":[{"@type":"ReadAction","target":["https:\/\/hotelraudaskrida.is\/is\/umhverfisstefna\/"]}]},{"@type":"BreadcrumbList","@id":"https:\/\/hotelraudaskrida.is\/is\/umhverfisstefna\/#breadcrumb","itemListElement":[{"@type":"ListItem","position":1,"name":"Home","item":"https:\/\/hotelraudaskrida.is\/is\/"},{"@type":"ListItem","position":2,"name":"Umhverfisstefna"}]},{"@type":"WebSite","@id":"https:\/\/hotelraudaskrida.is\/is\/#website","url":"https:\/\/hotelraudaskrida.is\/is\/","name":"H\u00f3tel Rau\u00f0askri\u00f0a","description":"Veri\u00f0 velkomin","publisher":{"@id":"https:\/\/hotelraudaskrida.is\/is\/#organization"},"potentialAction":[{"@type":"SearchAction","target":{"@type":"EntryPoint","urlTemplate":"https:\/\/hotelraudaskrida.is\/is\/?s={search_term_string}"},"query-input":{"@type":"PropertyValueSpecification","valueRequired":true,"valueName":"search_term_string"}}],"inLanguage":"is"},{"@type":"Organization","@id":"https:\/\/hotelraudaskrida.is\/is\/#organization","name":"H\u00f3tel Rau\u00f0askri\u00f0a","url":"https:\/\/hotelraudaskrida.is\/is\/","logo":{"@type":"ImageObject","inLanguage":"is","@id":"https:\/\/hotelraudaskrida.is\/is\/#\/schema\/logo\/image\/","url":"https:\/\/hotelraudaskrida.is\/wp-content\/uploads\/2016\/01\/Raudaskrida_logo.png","contentUrl":"https:\/\/hotelraudaskrida.is\/wp-content\/uploads\/2016\/01\/Raudaskrida_logo.png","width":600,"height":225,"caption":"H\u00f3tel Rau\u00f0askri\u00f0a"},"image":{"@id":"https:\/\/hotelraudaskrida.is\/is\/#\/schema\/logo\/image\/"},"sameAs":["https:\/\/www.instagram.com\/hotelraudaskrida\/"]}]}},"_links":{"self":[{"href":"https:\/\/hotelraudaskrida.is\/is\/wp-json\/wp\/v2\/pages\/1010","targetHints":{"allow":["GET"]}}],"collection":[{"href":"https:\/\/hotelraudaskrida.is\/is\/wp-json\/wp\/v2\/pages"}],"about":[{"href":"https:\/\/hotelraudaskrida.is\/is\/wp-json\/wp\/v2\/types\/page"}],"author":[{"embeddable":true,"href":"https:\/\/hotelraudaskrida.is\/is\/wp-json\/wp\/v2\/users\/1"}],"replies":[{"embeddable":true,"href":"https:\/\/hotelraudaskrida.is\/is\/wp-json\/wp\/v2\/comments?post=1010"}],"version-history":[{"count":14,"href":"https:\/\/hotelraudaskrida.is\/is\/wp-json\/wp\/v2\/pages\/1010\/revisions"}],"predecessor-version":[{"id":1246,"href":"https:\/\/hotelraudaskrida.is\/is\/wp-json\/wp\/v2\/pages\/1010\/revisions\/1246"}],"wp:attachment":[{"href":"https:\/\/hotelraudaskrida.is\/is\/wp-json\/wp\/v2\/media?parent=1010"}],"curies":[{"name":"wp","href":"https:\/\/api.w.org\/{rel}","templated":true}]}}