{"id":1031,"date":"2021-05-03T20:05:05","date_gmt":"2021-05-03T20:05:05","guid":{"rendered":"https:\/\/hotelraudaskrida.is\/herbergi\/"},"modified":"2021-05-16T22:54:04","modified_gmt":"2021-05-16T22:54:04","slug":"herbergi","status":"publish","type":"page","link":"https:\/\/hotelraudaskrida.is\/is\/herbergi\/","title":{"rendered":"Gisting"},"content":{"rendered":"<ul class=\"columns-wrapper clearfix\"><div class=\"one-third\">\n<p><strong><a href=\"http:\/\/hotelraudaskrida.is\/wp-content\/uploads\/2016\/01\/Herbergi1.jpg\"><img loading=\"lazy\" decoding=\"async\" class=\"alignnone wp-image-357 size-medium\" src=\"http:\/\/hotelraudaskrida.is\/wp-content\/uploads\/2016\/01\/Herbergi1-300x188.jpg\" width=\"300\" height=\"188\" srcset=\"https:\/\/hotelraudaskrida.is\/wp-content\/uploads\/2016\/01\/Herbergi1-300x188.jpg 300w, https:\/\/hotelraudaskrida.is\/wp-content\/uploads\/2016\/01\/Herbergi1-768x480.jpg 768w, https:\/\/hotelraudaskrida.is\/wp-content\/uploads\/2016\/01\/Herbergi1-1024x640.jpg 1024w, https:\/\/hotelraudaskrida.is\/wp-content\/uploads\/2016\/01\/Herbergi1-100x63.jpg 100w, https:\/\/hotelraudaskrida.is\/wp-content\/uploads\/2016\/01\/Herbergi1.jpg 1920w\" sizes=\"auto, (max-width: 300px) 100vw, 300px\" \/><br \/>\n<\/a><\/strong><h3 class=\"title-style1\">Superior tveggja manna herbergi me\u00f0 ba\u00f0i<div class=\"title-block\"><\/div><\/h3>\n<p>Superior tveggja manna herbergin okkar eru 24-28 fermetrar a\u00f0 st\u00e6r\u00f0 og \u00ed \u00feeim er \u00fdmist king size hj\u00f3nar\u00fam (180&#215;200) e\u00f0a tv\u00f6 st\u00f6k r\u00fam (90&#215;200). \u00cd herbergjunum er 32\u201c flatskj\u00e1r, te\/kaffisett, h\u00e1r\u00feurrka, gervihnattar\u00e1sir, skrifbor\u00f0 me\u00f0 vinnulj\u00f3si og \u00f3keypis \u00fer\u00e1\u00f0laust internet. Sum \u00feessara herbergja eru a\u00f0gengileg fyrir hj\u00f3last\u00f3la.\u00a0\u00dea\u00f0 eru 17 herbergi \u00e1 h\u00f3telinu sem falla undir \u00feennan flokk.<\/p>\n<a target=\"_parent\" href=\"\/is\/boka-herbergi\" class=\"button4 \" >B\u00f3ka<\/a><div class=\"clearboth\"><\/div>\n<\/div> <div class=\"one-third\">\n<p><strong><a href=\"http:\/\/hotelraudaskrida.is\/wp-content\/uploads\/2016\/01\/Herbergi3.jpg\"><img loading=\"lazy\" decoding=\"async\" class=\"alignnone wp-image-355 size-medium\" src=\"http:\/\/hotelraudaskrida.is\/wp-content\/uploads\/2016\/01\/Herbergi3-300x188.jpg\" width=\"300\" height=\"188\" srcset=\"https:\/\/hotelraudaskrida.is\/wp-content\/uploads\/2016\/01\/Herbergi3-300x188.jpg 300w, https:\/\/hotelraudaskrida.is\/wp-content\/uploads\/2016\/01\/Herbergi3-768x480.jpg 768w, https:\/\/hotelraudaskrida.is\/wp-content\/uploads\/2016\/01\/Herbergi3-1024x640.jpg 1024w, https:\/\/hotelraudaskrida.is\/wp-content\/uploads\/2016\/01\/Herbergi3-100x63.jpg 100w, https:\/\/hotelraudaskrida.is\/wp-content\/uploads\/2016\/01\/Herbergi3.jpg 1920w\" sizes=\"auto, (max-width: 300px) 100vw, 300px\" \/><br \/>\n<\/a><\/strong><h3 class=\"title-style1\">Standard tveggja manna herbergi me\u00f0 ba\u00f0i<div class=\"title-block\"><\/div><\/h3>\n<p>Standard tveggja manna herbergin okkar eru mj\u00f6g r\u00famg\u00f3\u00f0 (20-22 fermetrar) og \u00ed \u00feeim er \u00fdmist queen size hj\u00f3nar\u00fam (160&#215;200) e\u00f0a tv\u00f6 st\u00f6k r\u00fam (90&#215;200). \u00cd herbergjunum er 22\u201c-32\u201c flatskj\u00e1r, te\/kaffisett, h\u00e1r\u00feurrka,\u00a0 gervihnattar\u00e1sir, skrifbor\u00f0 me\u00f0 vinnulj\u00f3si og \u00f3keypis \u00fer\u00e1\u00f0laust internet. \u00dea\u00f0 eru 17 herbergi \u00e1 h\u00f3telinu sem falla undir \u00feennan flokk.<\/p>\n<a target=\"_parent\" href=\"\/is\/boka-herbergi\" class=\"button4 \" >B\u00f3ka<\/a><div class=\"clearboth\"><\/div>\n<\/div> <div class=\"one-third last-col\">\n<p><strong><a href=\"http:\/\/hotelraudaskrida.is\/wp-content\/uploads\/2016\/01\/Raudaskrida_vestur.jpg\"><img loading=\"lazy\" decoding=\"async\" class=\"alignnone wp-image-546 size-medium\" src=\"http:\/\/hotelraudaskrida.is\/wp-content\/uploads\/2016\/01\/Raudaskrida_vestur-300x188.jpg\" width=\"300\" height=\"188\" srcset=\"https:\/\/hotelraudaskrida.is\/wp-content\/uploads\/2016\/01\/Raudaskrida_vestur-300x188.jpg 300w, https:\/\/hotelraudaskrida.is\/wp-content\/uploads\/2016\/01\/Raudaskrida_vestur-768x480.jpg 768w, https:\/\/hotelraudaskrida.is\/wp-content\/uploads\/2016\/01\/Raudaskrida_vestur-1024x640.jpg 1024w, https:\/\/hotelraudaskrida.is\/wp-content\/uploads\/2016\/01\/Raudaskrida_vestur-100x63.jpg 100w, https:\/\/hotelraudaskrida.is\/wp-content\/uploads\/2016\/01\/Raudaskrida_vestur.jpg 1920w\" sizes=\"auto, (max-width: 300px) 100vw, 300px\" \/><br \/>\n<\/a><\/strong><h3 class=\"title-style1\">\u00deriggja manna herbergi me\u00f0 ba\u00f0i<div class=\"title-block\"><\/div><\/h3>\n<p>\u00deriggja manna herbergin okkar me\u00f0 ba\u00f0i eru 24-28 fermetrar a\u00f0 st\u00e6r\u00f0 og \u00ed \u00feeim eru \u00fdmist \u00ferj\u00fa st\u00f6k r\u00fam (90&#215;200) e\u00f0a eitt king size hj\u00f3nar\u00fam (180&#215;200) og eitt stakt r\u00fam (90&#215;200). \u00cd herbergjunum er 32\u201c flatskj\u00e1r, te\/kaffisett, h\u00e1r\u00feurrka, gervihnattar\u00e1sir, skrifbor\u00f0 me\u00f0 vinnulj\u00f3si og \u00f3keypis \u00fer\u00e1\u00f0laust internet. \u00dea\u00f0 eru 5 herbergi \u00e1 h\u00f3telinu sem falla undir \u00feennan flokk.<\/p>\n<a target=\"_parent\" href=\"\/is\/boka-herbergi\" class=\"button4 \" >B\u00f3ka<\/a><div class=\"clearboth\"><\/div><\/div> <\/ul>\n<ul class=\"columns-wrapper clearfix\"><div class=\"one-third\">\n<p><a href=\"http:\/\/hotelraudaskrida.is\/wp-content\/uploads\/2016\/05\/Herbergi6.jpg\"><img loading=\"lazy\" decoding=\"async\" class=\"alignnone wp-image-705 size-medium\" src=\"http:\/\/hotelraudaskrida.is\/wp-content\/uploads\/2016\/05\/Herbergi6-300x188.jpg\" width=\"300\" height=\"188\" srcset=\"https:\/\/hotelraudaskrida.is\/wp-content\/uploads\/2016\/05\/Herbergi6-300x188.jpg 300w, https:\/\/hotelraudaskrida.is\/wp-content\/uploads\/2016\/05\/Herbergi6-768x480.jpg 768w, https:\/\/hotelraudaskrida.is\/wp-content\/uploads\/2016\/05\/Herbergi6-1024x640.jpg 1024w, https:\/\/hotelraudaskrida.is\/wp-content\/uploads\/2016\/05\/Herbergi6-100x63.jpg 100w, https:\/\/hotelraudaskrida.is\/wp-content\/uploads\/2016\/05\/Herbergi6.jpg 1920w\" sizes=\"auto, (max-width: 300px) 100vw, 300px\" \/><br \/>\n<\/a><h3 class=\"title-style1\">Fj\u00f6gurra manna herbergi me\u00f0 ba\u00f0i<div class=\"title-block\"><\/div><\/h3>\n<p>Fj\u00f6gurra manna herbergi\u00f0 okkar me\u00f0 ba\u00f0i hefur fj\u00f6gur st\u00f6k r\u00fam (90&#215;200) og er mj\u00f6g r\u00famgott e\u00f0a um 30 fermetrar. \u00dear er 32\u201c flatskj\u00e1r me\u00f0 gervihnattar\u00e1sum, te\/kaffisett, h\u00e1r\u00feurrka, skrifbor\u00f0 me\u00f0 vinnulj\u00f3si og \u00f3keypis \u00fer\u00e1\u00f0laust internet. Vi\u00f0 erum me\u00f0 eitt sl\u00edkt herbergi \u00e1 h\u00f3telinu okkar.<\/p>\n<a target=\"_parent\" href=\"\/is\/boka-herbergi\" class=\"button4 \" >B\u00f3ka<\/a><div class=\"clearboth\"><\/div>\n<\/div><div class=\"one-third last-col\">\n<p><strong><a href=\"http:\/\/hotelraudaskrida.is\/wp-content\/uploads\/2016\/01\/Herbergi5.jpg\"><img loading=\"lazy\" decoding=\"async\" class=\"alignnone wp-image-353 size-medium\" src=\"http:\/\/hotelraudaskrida.is\/wp-content\/uploads\/2016\/01\/Herbergi5-300x188.jpg\" width=\"300\" height=\"188\" srcset=\"https:\/\/hotelraudaskrida.is\/wp-content\/uploads\/2016\/01\/Herbergi5-300x188.jpg 300w, https:\/\/hotelraudaskrida.is\/wp-content\/uploads\/2016\/01\/Herbergi5-768x480.jpg 768w, https:\/\/hotelraudaskrida.is\/wp-content\/uploads\/2016\/01\/Herbergi5-1024x640.jpg 1024w, https:\/\/hotelraudaskrida.is\/wp-content\/uploads\/2016\/01\/Herbergi5-100x63.jpg 100w, https:\/\/hotelraudaskrida.is\/wp-content\/uploads\/2016\/01\/Herbergi5.jpg 1920w\" sizes=\"auto, (max-width: 300px) 100vw, 300px\" \/><br \/>\n<\/a><\/strong><h3 class=\"title-style1\">Standard herbergi me\u00f0 sameiginlegu ba\u00f0i<div class=\"title-block\"><\/div><\/h3>\n<p>Vi\u00f0 erum me\u00f0 fimm herbergi me\u00f0 sameiginlegu ba\u00f0i \u00e1 h\u00f3telinu okkar. \u00c1 herbergjunum er handlaug, te\/kaffisett, h\u00e1r\u00feurrka, skrifbor\u00f0 me\u00f0 vinnulj\u00f3si og \u00f3keypis \u00fer\u00e1\u00f0laust internet. \u00cd hverju herbergi er \u00fdmist eitt queen size hj\u00f3nar\u00fam (160&#215;200) e\u00f0a tv\u00f6 st\u00f6k r\u00fam (90&#215;200). Herbergin fimm deila einu salerni og einni sturtu \u00ed sitt hvoru r\u00fdminu.\u00a0 Ennfremur er \u00e1 s\u00f6mu h\u00e6\u00f0 setustofa me\u00f0 flatskj\u00e1 (gervihnattar\u00e1sir) og b\u00f3kasafn \u00e1samt \u00fdmsum bor\u00f0spilum.\u00a0 Herbergin eru 12-13 fm a\u00f0 st\u00e6r\u00f0.<\/p>\n<a target=\"_parent\" href=\"\/is\/boka-herbergi\" class=\"button4 \" >B\u00f3ka<\/a><div class=\"clearboth\"><\/div><\/div> <\/ul>\n<p><strong>Fyrir fr\u00eda afb\u00f3kun \u00fearf a\u00f0 afb\u00f3ka me\u00f0 sj\u00f6 daga fyrirvara annars (og \u00ed tilfellum \u201eno show\u201c) er rukka\u00f0 fullt gjald.<\/strong><br \/>\n<strong>G\u00e6lud\u00fdr eru ekki leyf\u00f0 \u00e1 h\u00f3telinu.<\/strong><\/p>\n","protected":false},"excerpt":{"rendered":"<p>Fyrir fr\u00eda afb\u00f3kun \u00fearf a\u00f0 afb\u00f3ka me\u00f0 sj\u00f6 daga fyrirvara annars (og \u00ed tilfellum \u201eno show\u201c) er rukka\u00f0 fullt gjald. G\u00e6lud\u00fdr eru ekki leyf\u00f0 \u00e1 h\u00f3telinu.<\/p>\n","protected":false},"author":1,"featured_media":0,"parent":0,"menu_order":0,"comment_status":"closed","ping_status":"closed","template":"","meta":{"footnotes":""},"class_list":["post-1031","page","type-page","status-publish","hentry"],"yoast_head":"<!-- This site is optimized with the Yoast SEO plugin v26.9 - https:\/\/yoast.com\/product\/yoast-seo-wordpress\/ -->\n<title>Gisting - H\u00f3tel Rau\u00f0askri\u00f0a<\/title>\n<meta name=\"robots\" content=\"index, follow, max-snippet:-1, max-image-preview:large, max-video-preview:-1\" \/>\n<link rel=\"canonical\" href=\"https:\/\/hotelraudaskrida.is\/is\/herbergi\/\" \/>\n<meta property=\"og:locale\" content=\"is_IS\" \/>\n<meta property=\"og:type\" content=\"article\" \/>\n<meta property=\"og:title\" content=\"Gisting - H\u00f3tel Rau\u00f0askri\u00f0a\" \/>\n<meta property=\"og:description\" content=\"Fyrir fr\u00eda afb\u00f3kun \u00fearf a\u00f0 afb\u00f3ka me\u00f0 sj\u00f6 daga fyrirvara annars (og \u00ed tilfellum \u201eno show\u201c) er rukka\u00f0 fullt gjald. G\u00e6lud\u00fdr eru ekki leyf\u00f0 \u00e1 h\u00f3telinu.\" \/>\n<meta property=\"og:url\" content=\"https:\/\/hotelraudaskrida.is\/is\/herbergi\/\" \/>\n<meta property=\"og:site_name\" content=\"H\u00f3tel Rau\u00f0askri\u00f0a\" \/>\n<meta property=\"article:modified_time\" content=\"2021-05-16T22:54:04+00:00\" \/>\n<meta property=\"og:image\" content=\"http:\/\/hotelraudaskrida.is\/wp-content\/uploads\/2016\/01\/Herbergi1-300x188.jpg\" \/>\n<meta name=\"twitter:card\" content=\"summary_large_image\" \/>\n<meta name=\"twitter:label1\" content=\"Est. reading time\" \/>\n\t<meta name=\"twitter:data1\" content=\"3 minutes\" \/>\n<script type=\"application\/ld+json\" class=\"yoast-schema-graph\">{\"@context\":\"https:\/\/schema.org\",\"@graph\":[{\"@type\":\"WebPage\",\"@id\":\"https:\/\/hotelraudaskrida.is\/is\/herbergi\/\",\"url\":\"https:\/\/hotelraudaskrida.is\/is\/herbergi\/\",\"name\":\"Gisting - H\u00f3tel Rau\u00f0askri\u00f0a\",\"isPartOf\":{\"@id\":\"https:\/\/hotelraudaskrida.is\/is\/#website\"},\"primaryImageOfPage\":{\"@id\":\"https:\/\/hotelraudaskrida.is\/is\/herbergi\/#primaryimage\"},\"image\":{\"@id\":\"https:\/\/hotelraudaskrida.is\/is\/herbergi\/#primaryimage\"},\"thumbnailUrl\":\"http:\/\/hotelraudaskrida.is\/wp-content\/uploads\/2016\/01\/Herbergi1-300x188.jpg\",\"datePublished\":\"2021-05-03T20:05:05+00:00\",\"dateModified\":\"2021-05-16T22:54:04+00:00\",\"breadcrumb\":{\"@id\":\"https:\/\/hotelraudaskrida.is\/is\/herbergi\/#breadcrumb\"},\"inLanguage\":\"is\",\"potentialAction\":[{\"@type\":\"ReadAction\",\"target\":[\"https:\/\/hotelraudaskrida.is\/is\/herbergi\/\"]}]},{\"@type\":\"ImageObject\",\"inLanguage\":\"is\",\"@id\":\"https:\/\/hotelraudaskrida.is\/is\/herbergi\/#primaryimage\",\"url\":\"http:\/\/hotelraudaskrida.is\/wp-content\/uploads\/2016\/01\/Herbergi1-300x188.jpg\",\"contentUrl\":\"http:\/\/hotelraudaskrida.is\/wp-content\/uploads\/2016\/01\/Herbergi1-300x188.jpg\"},{\"@type\":\"BreadcrumbList\",\"@id\":\"https:\/\/hotelraudaskrida.is\/is\/herbergi\/#breadcrumb\",\"itemListElement\":[{\"@type\":\"ListItem\",\"position\":1,\"name\":\"Home\",\"item\":\"https:\/\/hotelraudaskrida.is\/is\/\"},{\"@type\":\"ListItem\",\"position\":2,\"name\":\"Gisting\"}]},{\"@type\":\"WebSite\",\"@id\":\"https:\/\/hotelraudaskrida.is\/is\/#website\",\"url\":\"https:\/\/hotelraudaskrida.is\/is\/\",\"name\":\"H\u00f3tel Rau\u00f0askri\u00f0a\",\"description\":\"Veri\u00f0 velkomin\",\"publisher\":{\"@id\":\"https:\/\/hotelraudaskrida.is\/is\/#organization\"},\"potentialAction\":[{\"@type\":\"SearchAction\",\"target\":{\"@type\":\"EntryPoint\",\"urlTemplate\":\"https:\/\/hotelraudaskrida.is\/is\/?s={search_term_string}\"},\"query-input\":{\"@type\":\"PropertyValueSpecification\",\"valueRequired\":true,\"valueName\":\"search_term_string\"}}],\"inLanguage\":\"is\"},{\"@type\":\"Organization\",\"@id\":\"https:\/\/hotelraudaskrida.is\/is\/#organization\",\"name\":\"H\u00f3tel Rau\u00f0askri\u00f0a\",\"url\":\"https:\/\/hotelraudaskrida.is\/is\/\",\"logo\":{\"@type\":\"ImageObject\",\"inLanguage\":\"is\",\"@id\":\"https:\/\/hotelraudaskrida.is\/is\/#\/schema\/logo\/image\/\",\"url\":\"https:\/\/hotelraudaskrida.is\/wp-content\/uploads\/2016\/01\/Raudaskrida_logo.png\",\"contentUrl\":\"https:\/\/hotelraudaskrida.is\/wp-content\/uploads\/2016\/01\/Raudaskrida_logo.png\",\"width\":600,\"height\":225,\"caption\":\"H\u00f3tel Rau\u00f0askri\u00f0a\"},\"image\":{\"@id\":\"https:\/\/hotelraudaskrida.is\/is\/#\/schema\/logo\/image\/\"},\"sameAs\":[\"https:\/\/www.instagram.com\/hotelraudaskrida\/\"]}]}<\/script>\n<!-- \/ Yoast SEO plugin. -->","yoast_head_json":{"title":"Gisting - H\u00f3tel Rau\u00f0askri\u00f0a","robots":{"index":"index","follow":"follow","max-snippet":"max-snippet:-1","max-image-preview":"max-image-preview:large","max-video-preview":"max-video-preview:-1"},"canonical":"https:\/\/hotelraudaskrida.is\/is\/herbergi\/","og_locale":"is_IS","og_type":"article","og_title":"Gisting - H\u00f3tel Rau\u00f0askri\u00f0a","og_description":"Fyrir fr\u00eda afb\u00f3kun \u00fearf a\u00f0 afb\u00f3ka me\u00f0 sj\u00f6 daga fyrirvara annars (og \u00ed tilfellum \u201eno show\u201c) er rukka\u00f0 fullt gjald. G\u00e6lud\u00fdr eru ekki leyf\u00f0 \u00e1 h\u00f3telinu.","og_url":"https:\/\/hotelraudaskrida.is\/is\/herbergi\/","og_site_name":"H\u00f3tel Rau\u00f0askri\u00f0a","article_modified_time":"2021-05-16T22:54:04+00:00","og_image":[{"url":"http:\/\/hotelraudaskrida.is\/wp-content\/uploads\/2016\/01\/Herbergi1-300x188.jpg","type":"","width":"","height":""}],"twitter_card":"summary_large_image","twitter_misc":{"Est. reading time":"3 minutes"},"schema":{"@context":"https:\/\/schema.org","@graph":[{"@type":"WebPage","@id":"https:\/\/hotelraudaskrida.is\/is\/herbergi\/","url":"https:\/\/hotelraudaskrida.is\/is\/herbergi\/","name":"Gisting - H\u00f3tel Rau\u00f0askri\u00f0a","isPartOf":{"@id":"https:\/\/hotelraudaskrida.is\/is\/#website"},"primaryImageOfPage":{"@id":"https:\/\/hotelraudaskrida.is\/is\/herbergi\/#primaryimage"},"image":{"@id":"https:\/\/hotelraudaskrida.is\/is\/herbergi\/#primaryimage"},"thumbnailUrl":"http:\/\/hotelraudaskrida.is\/wp-content\/uploads\/2016\/01\/Herbergi1-300x188.jpg","datePublished":"2021-05-03T20:05:05+00:00","dateModified":"2021-05-16T22:54:04+00:00","breadcrumb":{"@id":"https:\/\/hotelraudaskrida.is\/is\/herbergi\/#breadcrumb"},"inLanguage":"is","potentialAction":[{"@type":"ReadAction","target":["https:\/\/hotelraudaskrida.is\/is\/herbergi\/"]}]},{"@type":"ImageObject","inLanguage":"is","@id":"https:\/\/hotelraudaskrida.is\/is\/herbergi\/#primaryimage","url":"http:\/\/hotelraudaskrida.is\/wp-content\/uploads\/2016\/01\/Herbergi1-300x188.jpg","contentUrl":"http:\/\/hotelraudaskrida.is\/wp-content\/uploads\/2016\/01\/Herbergi1-300x188.jpg"},{"@type":"BreadcrumbList","@id":"https:\/\/hotelraudaskrida.is\/is\/herbergi\/#breadcrumb","itemListElement":[{"@type":"ListItem","position":1,"name":"Home","item":"https:\/\/hotelraudaskrida.is\/is\/"},{"@type":"ListItem","position":2,"name":"Gisting"}]},{"@type":"WebSite","@id":"https:\/\/hotelraudaskrida.is\/is\/#website","url":"https:\/\/hotelraudaskrida.is\/is\/","name":"H\u00f3tel Rau\u00f0askri\u00f0a","description":"Veri\u00f0 velkomin","publisher":{"@id":"https:\/\/hotelraudaskrida.is\/is\/#organization"},"potentialAction":[{"@type":"SearchAction","target":{"@type":"EntryPoint","urlTemplate":"https:\/\/hotelraudaskrida.is\/is\/?s={search_term_string}"},"query-input":{"@type":"PropertyValueSpecification","valueRequired":true,"valueName":"search_term_string"}}],"inLanguage":"is"},{"@type":"Organization","@id":"https:\/\/hotelraudaskrida.is\/is\/#organization","name":"H\u00f3tel Rau\u00f0askri\u00f0a","url":"https:\/\/hotelraudaskrida.is\/is\/","logo":{"@type":"ImageObject","inLanguage":"is","@id":"https:\/\/hotelraudaskrida.is\/is\/#\/schema\/logo\/image\/","url":"https:\/\/hotelraudaskrida.is\/wp-content\/uploads\/2016\/01\/Raudaskrida_logo.png","contentUrl":"https:\/\/hotelraudaskrida.is\/wp-content\/uploads\/2016\/01\/Raudaskrida_logo.png","width":600,"height":225,"caption":"H\u00f3tel Rau\u00f0askri\u00f0a"},"image":{"@id":"https:\/\/hotelraudaskrida.is\/is\/#\/schema\/logo\/image\/"},"sameAs":["https:\/\/www.instagram.com\/hotelraudaskrida\/"]}]}},"_links":{"self":[{"href":"https:\/\/hotelraudaskrida.is\/is\/wp-json\/wp\/v2\/pages\/1031","targetHints":{"allow":["GET"]}}],"collection":[{"href":"https:\/\/hotelraudaskrida.is\/is\/wp-json\/wp\/v2\/pages"}],"about":[{"href":"https:\/\/hotelraudaskrida.is\/is\/wp-json\/wp\/v2\/types\/page"}],"author":[{"embeddable":true,"href":"https:\/\/hotelraudaskrida.is\/is\/wp-json\/wp\/v2\/users\/1"}],"replies":[{"embeddable":true,"href":"https:\/\/hotelraudaskrida.is\/is\/wp-json\/wp\/v2\/comments?post=1031"}],"version-history":[{"count":26,"href":"https:\/\/hotelraudaskrida.is\/is\/wp-json\/wp\/v2\/pages\/1031\/revisions"}],"predecessor-version":[{"id":1269,"href":"https:\/\/hotelraudaskrida.is\/is\/wp-json\/wp\/v2\/pages\/1031\/revisions\/1269"}],"wp:attachment":[{"href":"https:\/\/hotelraudaskrida.is\/is\/wp-json\/wp\/v2\/media?parent=1031"}],"curies":[{"name":"wp","href":"https:\/\/api.w.org\/{rel}","templated":true}]}}