{"id":1062,"date":"2021-05-03T21:39:51","date_gmt":"2021-05-03T21:39:51","guid":{"rendered":"https:\/\/hotelraudaskrida.is\/um-okkur-2\/"},"modified":"2021-05-16T11:52:04","modified_gmt":"2021-05-16T11:52:04","slug":"um-okkur-2","status":"publish","type":"page","link":"https:\/\/hotelraudaskrida.is\/is\/um-okkur-2\/","title":{"rendered":"Um okkur"},"content":{"rendered":"<h3 class=\"title-style1\">Velkomin \u00e1 H\u00f3tel Rau\u00f0uskri\u00f0u<div class=\"title-block\"><\/div><\/h3>\n<p>H\u00f3tel Rau\u00f0askri\u00f0a er fj\u00f6lskyldureki\u00f0 h\u00f3tel vi\u00f0 veg 85 \u00e1 milli H\u00fasav\u00edkur og Akureyrar. Vi\u00f0 erum sta\u00f0sett \u00ed mi\u00f0ri sveitakyrr\u00f0inni og erum tilvalinn gistista\u00f0ur til a\u00f0 vera \u00e1 ef heims\u00e6kja \u00e1 \u00e1hugaver\u00f0ustu sta\u00f0i \u00e1 Nor\u00f0austurlandi eins og Go\u00f0afoss, M\u00fdvatn, Dettifoss, Dimmuborgir, \u00c1sbyrgi, Sj\u00f3b\u00f6\u00f0in \u00e1 H\u00fasav\u00edk, n\u00fa e\u00f0a skella s\u00e9r \u00ed hvalasko\u00f0un \u00e1 H\u00fasav\u00edk e\u00f0a Akureyri.<\/p>\n<p><span lang=\"IS\">H\u00f3tel Rau\u00f0askri\u00f0a h\u00f3f rekstur 1990 og \u00fea\u00f0 voru foreldrar Halla, Kolbr\u00fan og J\u00f3hannes, sem byrju\u00f0u \u00fe\u00e1 a\u00f0 leigja \u00fat tv\u00f6 herbergi \u00ed h\u00fasinu s\u00ednu (sem n\u00fa er a\u00f0albyggingin) til fer\u00f0amanna. \u00c1ri\u00f0 1991 bygg\u00f0u \u00feau a\u00f0ra h\u00e6\u00f0 ofan \u00e1 a\u00f0albygginguna og \u00ed gegnum t\u00ed\u00f0ina hefur hefur herbergjum og byggingum sm\u00e1tt og sm\u00e1tt fj\u00f6lga\u00f0 og a\u00f0sta\u00f0an st\u00e6kka\u00f0 og batna\u00f0.<\/span><\/p>\n<p><img loading=\"lazy\" decoding=\"async\" class=\"wp-image-665 size-medium alignleft\" src=\"http:\/\/hotelraudaskrida.is\/wp-content\/uploads\/2016\/01\/selfie-1-225x300.jpg\" alt=\"selfie\" width=\"225\" height=\"300\" srcset=\"https:\/\/hotelraudaskrida.is\/wp-content\/uploads\/2016\/01\/selfie-1-225x300.jpg 225w, https:\/\/hotelraudaskrida.is\/wp-content\/uploads\/2016\/01\/selfie-1-768x1024.jpg 768w, https:\/\/hotelraudaskrida.is\/wp-content\/uploads\/2016\/01\/selfie-1-75x100.jpg 75w, https:\/\/hotelraudaskrida.is\/wp-content\/uploads\/2016\/01\/selfie-1.jpg 900w\" sizes=\"auto, (max-width: 225px) 100vw, 225px\" \/><\/p>\n<p>\u00c1ri\u00f0 2012 ur\u00f0u kynsl\u00f3\u00f0askipti \u00ed rekstrinum \u00feegar vi\u00f0, Halli og Begga, \u00e1samt b\u00f6rnum okkar, Ragnari, Katr\u00ednu og Huldu, keyptum reksturinn. Ekki m\u00e1 gleyma s\u00e9rlegum a\u00f0sto\u00f0ar\u201em\u00f6nnum\u201c okkar, k\u00f6ttunum Gr\u00edmu og Krumma og kan\u00ednunni L\u00fa\u00f0v\u00edk Van Beethoven sem er n\u00fa alltaf kalla\u00f0ur L\u00falli. \u00deau eru sannarlega \u00f3missandi hluti af h\u00f3pnum og vekja jafnan mikla lukku gestanna okkar.<\/p>\n<p><span lang=\"IS\">Vi\u00f0 h\u00f6fum alltaf a\u00f0hyllst umhverfis- og n\u00e1tt\u00faruvernd og \u00fea\u00f0 er l\u00edklega ekkert e\u00f0lilegra \u00feegar ma\u00f0ur er alinn upp \u00ed sveit og \u00ed n\u00e1num tengslum vi\u00f0 n\u00e1tt\u00faruna og veit hversu vi\u00f0kv\u00e6m h\u00fan getur veri\u00f0 og hve mikilv\u00e6gt er a\u00f0 hugsa vel um hana. Me\u00f0 \u00fea\u00f0 a\u00f0 lei\u00f0arlj\u00f3si h\u00f3fu Kolbr\u00fan og J\u00f3hannes \u00fe\u00e1 vegfer\u00f0 a\u00f0 f\u00e1 vottun <\/span><strong><a href=\"https:\/\/svanurinn.is\" target=\"_blank\" rel=\"noopener noreferrer\">Norr\u00e6na Svansins<\/a><\/strong> (Nordic Eco-label) \u00e1ri\u00f0 2010 og\u00a0<span lang=\"IS\">\u00e1ri s\u00ed\u00f0ar var H\u00f3tel Rau\u00f0askri\u00f0a votta\u00f0 \u00ed fyrsta sinn. \u00c1 \u00feessum t\u00edma var \u00fea\u00f0 eina h\u00f3teli\u00f0 \u00e1 \u00cdslandi me\u00f0 vottun Norr\u00e6na Svansins og \u00fea\u00f0 hefur haldi\u00f0 henni alla t\u00ed\u00f0 s\u00ed\u00f0an. N\u00fa hafa \u00f6nnur h\u00f3tel b\u00e6st \u00ed \u00feennan h\u00f3p og \u00fea\u00f0 er fr\u00e1b\u00e6rt a\u00f0 fleiri skuli taka \u00feetta \u00e1byrga og mikilv\u00e6ga skref.<\/span><\/p>\n<p><span lang=\"IS\">H\u00f3tel Rau\u00f0askri\u00f0a var fyrsta h\u00f3teli\u00f0 \u00e1 \u00cdslandi til a\u00f0 f\u00e1 vottun \u00edslenska g\u00e6\u00f0akerfisins Vakans og vi\u00f0 h\u00e9ldum \u00feeirri vottun \u00ed 5 \u00e1r. Vi\u00f0 hins vegar m\u00e1tum \u00fea\u00f0 svo a\u00f0 almenn \u00feekking \u00e1 Vakanum v\u00e6ri ekki mikil og engin me\u00f0al erlendra gesta og til a\u00f0 minnka kostna\u00f0 vi\u00f0 leyfisgj\u00f6ld \u00e1kv\u00e1\u00f0um vi\u00f0 a\u00f0 h\u00e6tta formlega \u00ed Vakanum en fylgja \u00e1fram \u00feeim kr\u00f6fum og si\u00f0areglum sem \u00fear eru. Vi\u00f0 n\u00fdtum umsagnir af helstu b\u00f3kunars\u00ed\u00f0um auk \u00feess sem vi\u00f0 gerum reglulega kannanir me\u00f0al gesta \u00e1 h\u00f3telinu til a\u00f0 sj\u00e1 hva\u00f0 vel er gert og hva\u00f0 betur m\u00e1 fara.\u00a0<\/span><\/p>\n<p><span lang=\"IS\">\u00dear sem vi\u00f0 erum sta\u00f0sett \u00ed sveit og upprunalega b\u00e6ndagisting \u00fe\u00e1 erum vi\u00f0 hluti af <\/span><strong><a href=\"https:\/\/www.heyiceland.is\/is\" target=\"_blank\" rel=\"noopener noreferrer\">Hey \u00cdsland <\/a><\/strong>sem einu sinni h\u00e9t Fer\u00f0a\u00fej\u00f3nusta b\u00e6nda. \u00c1ri\u00f0 2012 vorum vi\u00f0 valin \u201eB\u00e6r m\u00e1na\u00f0arins\u201c \u00feegar s\u00fa herfer\u00f0 h\u00f3fst og einnig h\u00f6fum vi\u00f0 fengi\u00f0 hvatningarver\u00f0laun \u00e1 \u00feeim vettvangi \u00ed tengslum vi\u00f0 fuglasko\u00f0unarfer\u00f0ir sem vi\u00f0 bj\u00f3\u00f0um upp \u00e1, a\u00f0allega \u00e1 vorin og fyrri part sumars.<\/p>\n<p>\u00cd dag getum vi\u00f0 h\u00fdst um 100 gesti \u00ed n\u00e6turgistingu og vi\u00f0 erum me\u00f0 veitingasta\u00f0 sem b\u00fd\u00f0ur upp \u00e1 fj\u00f6lbreyttan matse\u00f0il.\u00a0<span style=\"font-size: inherit;\">Vi\u00f0 stefnum \u00e1 a\u00f0 hafa \u00feetta \u00e1fram fj\u00f6lskyldurekinn sta\u00f0 og veita pers\u00f3nulega og g\u00f3\u00f0a \u00fej\u00f3nustu og bera umhyggju fyrir n\u00e1tt\u00farunni og umhverfinu.<\/span><\/p>\n<p>Veri\u00f0 hjartanlega velkomin til okkar.<br \/>\nHalli, Begga og fj\u00f6lskylda.<\/p>\n<p><a href=\"http:\/\/www.nordic-ecolabel.org\" target=\"_blank\" rel=\"noopener noreferrer\"><img loading=\"lazy\" decoding=\"async\" width=\"115\" height=\"169\" class=\"size-full wp-image-1063 alignright\" src=\"http:\/\/hotelraudaskrida.is\/wp-content\/uploads\/2016\/05\/eco-labelling.png\" alt=\"eco-labelling\" srcset=\"https:\/\/hotelraudaskrida.is\/wp-content\/uploads\/2016\/05\/eco-labelling.png 115w, https:\/\/hotelraudaskrida.is\/wp-content\/uploads\/2016\/05\/eco-labelling-68x100.png 68w\" sizes=\"auto, (max-width: 115px) 100vw, 115px\" \/><\/a><\/p>\n","protected":false},"excerpt":{"rendered":"<p>H\u00f3tel Rau\u00f0askri\u00f0a er fj\u00f6lskyldureki\u00f0 h\u00f3tel vi\u00f0 veg 85 \u00e1 milli H\u00fasav\u00edkur og Akureyrar. Vi\u00f0 erum sta\u00f0sett \u00ed mi\u00f0ri sveitakyrr\u00f0inni og erum tilvalinn gistista\u00f0ur til a\u00f0 vera \u00e1 ef heims\u00e6kja \u00e1 \u00e1hugaver\u00f0ustu sta\u00f0i \u00e1 Nor\u00f0austurlandi eins og Go\u00f0afoss, M\u00fdvatn, Dettifoss, Dimmuborgir, \u00c1sbyrgi, Sj\u00f3b\u00f6\u00f0in \u00e1 H\u00fasav\u00edk, n\u00fa e\u00f0a skella s\u00e9r \u00ed hvalasko\u00f0un \u00e1 H\u00fasav\u00edk e\u00f0a Akureyri. H\u00f3tel<\/p>\n","protected":false},"author":1,"featured_media":0,"parent":0,"menu_order":0,"comment_status":"closed","ping_status":"closed","template":"","meta":{"footnotes":""},"class_list":["post-1062","page","type-page","status-publish","hentry"],"yoast_head":"<!-- This site is optimized with the Yoast SEO plugin v26.9 - https:\/\/yoast.com\/product\/yoast-seo-wordpress\/ -->\n<title>Um okkur - H\u00f3tel Rau\u00f0askri\u00f0a<\/title>\n<meta name=\"robots\" content=\"index, follow, max-snippet:-1, max-image-preview:large, max-video-preview:-1\" \/>\n<link rel=\"canonical\" href=\"https:\/\/hotelraudaskrida.is\/is\/um-okkur-2\/\" \/>\n<meta property=\"og:locale\" content=\"is_IS\" \/>\n<meta property=\"og:type\" content=\"article\" \/>\n<meta property=\"og:title\" content=\"Um okkur - H\u00f3tel Rau\u00f0askri\u00f0a\" \/>\n<meta property=\"og:description\" content=\"H\u00f3tel Rau\u00f0askri\u00f0a er fj\u00f6lskyldureki\u00f0 h\u00f3tel vi\u00f0 veg 85 \u00e1 milli H\u00fasav\u00edkur og Akureyrar. Vi\u00f0 erum sta\u00f0sett \u00ed mi\u00f0ri sveitakyrr\u00f0inni og erum tilvalinn gistista\u00f0ur til a\u00f0 vera \u00e1 ef heims\u00e6kja \u00e1 \u00e1hugaver\u00f0ustu sta\u00f0i \u00e1 Nor\u00f0austurlandi eins og Go\u00f0afoss, M\u00fdvatn, Dettifoss, Dimmuborgir, \u00c1sbyrgi, Sj\u00f3b\u00f6\u00f0in \u00e1 H\u00fasav\u00edk, n\u00fa e\u00f0a skella s\u00e9r \u00ed hvalasko\u00f0un \u00e1 H\u00fasav\u00edk e\u00f0a Akureyri. H\u00f3tel\" \/>\n<meta property=\"og:url\" content=\"https:\/\/hotelraudaskrida.is\/is\/um-okkur-2\/\" \/>\n<meta property=\"og:site_name\" content=\"H\u00f3tel Rau\u00f0askri\u00f0a\" \/>\n<meta property=\"article:modified_time\" content=\"2021-05-16T11:52:04+00:00\" \/>\n<meta property=\"og:image\" content=\"http:\/\/hotelraudaskrida.is\/wp-content\/uploads\/2016\/01\/selfie-1-225x300.jpg\" \/>\n<meta name=\"twitter:card\" content=\"summary_large_image\" \/>\n<meta name=\"twitter:label1\" content=\"Est. reading time\" \/>\n\t<meta name=\"twitter:data1\" content=\"3 minutes\" \/>\n<script type=\"application\/ld+json\" class=\"yoast-schema-graph\">{\"@context\":\"https:\/\/schema.org\",\"@graph\":[{\"@type\":\"WebPage\",\"@id\":\"https:\/\/hotelraudaskrida.is\/is\/um-okkur-2\/\",\"url\":\"https:\/\/hotelraudaskrida.is\/is\/um-okkur-2\/\",\"name\":\"Um okkur - H\u00f3tel Rau\u00f0askri\u00f0a\",\"isPartOf\":{\"@id\":\"https:\/\/hotelraudaskrida.is\/is\/#website\"},\"primaryImageOfPage\":{\"@id\":\"https:\/\/hotelraudaskrida.is\/is\/um-okkur-2\/#primaryimage\"},\"image\":{\"@id\":\"https:\/\/hotelraudaskrida.is\/is\/um-okkur-2\/#primaryimage\"},\"thumbnailUrl\":\"http:\/\/hotelraudaskrida.is\/wp-content\/uploads\/2016\/01\/selfie-1-225x300.jpg\",\"datePublished\":\"2021-05-03T21:39:51+00:00\",\"dateModified\":\"2021-05-16T11:52:04+00:00\",\"breadcrumb\":{\"@id\":\"https:\/\/hotelraudaskrida.is\/is\/um-okkur-2\/#breadcrumb\"},\"inLanguage\":\"is\",\"potentialAction\":[{\"@type\":\"ReadAction\",\"target\":[\"https:\/\/hotelraudaskrida.is\/is\/um-okkur-2\/\"]}]},{\"@type\":\"ImageObject\",\"inLanguage\":\"is\",\"@id\":\"https:\/\/hotelraudaskrida.is\/is\/um-okkur-2\/#primaryimage\",\"url\":\"http:\/\/hotelraudaskrida.is\/wp-content\/uploads\/2016\/01\/selfie-1-225x300.jpg\",\"contentUrl\":\"http:\/\/hotelraudaskrida.is\/wp-content\/uploads\/2016\/01\/selfie-1-225x300.jpg\"},{\"@type\":\"BreadcrumbList\",\"@id\":\"https:\/\/hotelraudaskrida.is\/is\/um-okkur-2\/#breadcrumb\",\"itemListElement\":[{\"@type\":\"ListItem\",\"position\":1,\"name\":\"Home\",\"item\":\"https:\/\/hotelraudaskrida.is\/is\/\"},{\"@type\":\"ListItem\",\"position\":2,\"name\":\"Um okkur\"}]},{\"@type\":\"WebSite\",\"@id\":\"https:\/\/hotelraudaskrida.is\/is\/#website\",\"url\":\"https:\/\/hotelraudaskrida.is\/is\/\",\"name\":\"H\u00f3tel Rau\u00f0askri\u00f0a\",\"description\":\"Veri\u00f0 velkomin\",\"publisher\":{\"@id\":\"https:\/\/hotelraudaskrida.is\/is\/#organization\"},\"potentialAction\":[{\"@type\":\"SearchAction\",\"target\":{\"@type\":\"EntryPoint\",\"urlTemplate\":\"https:\/\/hotelraudaskrida.is\/is\/?s={search_term_string}\"},\"query-input\":{\"@type\":\"PropertyValueSpecification\",\"valueRequired\":true,\"valueName\":\"search_term_string\"}}],\"inLanguage\":\"is\"},{\"@type\":\"Organization\",\"@id\":\"https:\/\/hotelraudaskrida.is\/is\/#organization\",\"name\":\"H\u00f3tel Rau\u00f0askri\u00f0a\",\"url\":\"https:\/\/hotelraudaskrida.is\/is\/\",\"logo\":{\"@type\":\"ImageObject\",\"inLanguage\":\"is\",\"@id\":\"https:\/\/hotelraudaskrida.is\/is\/#\/schema\/logo\/image\/\",\"url\":\"https:\/\/hotelraudaskrida.is\/wp-content\/uploads\/2016\/01\/Raudaskrida_logo.png\",\"contentUrl\":\"https:\/\/hotelraudaskrida.is\/wp-content\/uploads\/2016\/01\/Raudaskrida_logo.png\",\"width\":600,\"height\":225,\"caption\":\"H\u00f3tel Rau\u00f0askri\u00f0a\"},\"image\":{\"@id\":\"https:\/\/hotelraudaskrida.is\/is\/#\/schema\/logo\/image\/\"},\"sameAs\":[\"https:\/\/www.instagram.com\/hotelraudaskrida\/\"]}]}<\/script>\n<!-- \/ Yoast SEO plugin. -->","yoast_head_json":{"title":"Um okkur - H\u00f3tel Rau\u00f0askri\u00f0a","robots":{"index":"index","follow":"follow","max-snippet":"max-snippet:-1","max-image-preview":"max-image-preview:large","max-video-preview":"max-video-preview:-1"},"canonical":"https:\/\/hotelraudaskrida.is\/is\/um-okkur-2\/","og_locale":"is_IS","og_type":"article","og_title":"Um okkur - H\u00f3tel Rau\u00f0askri\u00f0a","og_description":"H\u00f3tel Rau\u00f0askri\u00f0a er fj\u00f6lskyldureki\u00f0 h\u00f3tel vi\u00f0 veg 85 \u00e1 milli H\u00fasav\u00edkur og Akureyrar. Vi\u00f0 erum sta\u00f0sett \u00ed mi\u00f0ri sveitakyrr\u00f0inni og erum tilvalinn gistista\u00f0ur til a\u00f0 vera \u00e1 ef heims\u00e6kja \u00e1 \u00e1hugaver\u00f0ustu sta\u00f0i \u00e1 Nor\u00f0austurlandi eins og Go\u00f0afoss, M\u00fdvatn, Dettifoss, Dimmuborgir, \u00c1sbyrgi, Sj\u00f3b\u00f6\u00f0in \u00e1 H\u00fasav\u00edk, n\u00fa e\u00f0a skella s\u00e9r \u00ed hvalasko\u00f0un \u00e1 H\u00fasav\u00edk e\u00f0a Akureyri. H\u00f3tel","og_url":"https:\/\/hotelraudaskrida.is\/is\/um-okkur-2\/","og_site_name":"H\u00f3tel Rau\u00f0askri\u00f0a","article_modified_time":"2021-05-16T11:52:04+00:00","og_image":[{"url":"http:\/\/hotelraudaskrida.is\/wp-content\/uploads\/2016\/01\/selfie-1-225x300.jpg","type":"","width":"","height":""}],"twitter_card":"summary_large_image","twitter_misc":{"Est. reading time":"3 minutes"},"schema":{"@context":"https:\/\/schema.org","@graph":[{"@type":"WebPage","@id":"https:\/\/hotelraudaskrida.is\/is\/um-okkur-2\/","url":"https:\/\/hotelraudaskrida.is\/is\/um-okkur-2\/","name":"Um okkur - H\u00f3tel Rau\u00f0askri\u00f0a","isPartOf":{"@id":"https:\/\/hotelraudaskrida.is\/is\/#website"},"primaryImageOfPage":{"@id":"https:\/\/hotelraudaskrida.is\/is\/um-okkur-2\/#primaryimage"},"image":{"@id":"https:\/\/hotelraudaskrida.is\/is\/um-okkur-2\/#primaryimage"},"thumbnailUrl":"http:\/\/hotelraudaskrida.is\/wp-content\/uploads\/2016\/01\/selfie-1-225x300.jpg","datePublished":"2021-05-03T21:39:51+00:00","dateModified":"2021-05-16T11:52:04+00:00","breadcrumb":{"@id":"https:\/\/hotelraudaskrida.is\/is\/um-okkur-2\/#breadcrumb"},"inLanguage":"is","potentialAction":[{"@type":"ReadAction","target":["https:\/\/hotelraudaskrida.is\/is\/um-okkur-2\/"]}]},{"@type":"ImageObject","inLanguage":"is","@id":"https:\/\/hotelraudaskrida.is\/is\/um-okkur-2\/#primaryimage","url":"http:\/\/hotelraudaskrida.is\/wp-content\/uploads\/2016\/01\/selfie-1-225x300.jpg","contentUrl":"http:\/\/hotelraudaskrida.is\/wp-content\/uploads\/2016\/01\/selfie-1-225x300.jpg"},{"@type":"BreadcrumbList","@id":"https:\/\/hotelraudaskrida.is\/is\/um-okkur-2\/#breadcrumb","itemListElement":[{"@type":"ListItem","position":1,"name":"Home","item":"https:\/\/hotelraudaskrida.is\/is\/"},{"@type":"ListItem","position":2,"name":"Um okkur"}]},{"@type":"WebSite","@id":"https:\/\/hotelraudaskrida.is\/is\/#website","url":"https:\/\/hotelraudaskrida.is\/is\/","name":"H\u00f3tel Rau\u00f0askri\u00f0a","description":"Veri\u00f0 velkomin","publisher":{"@id":"https:\/\/hotelraudaskrida.is\/is\/#organization"},"potentialAction":[{"@type":"SearchAction","target":{"@type":"EntryPoint","urlTemplate":"https:\/\/hotelraudaskrida.is\/is\/?s={search_term_string}"},"query-input":{"@type":"PropertyValueSpecification","valueRequired":true,"valueName":"search_term_string"}}],"inLanguage":"is"},{"@type":"Organization","@id":"https:\/\/hotelraudaskrida.is\/is\/#organization","name":"H\u00f3tel Rau\u00f0askri\u00f0a","url":"https:\/\/hotelraudaskrida.is\/is\/","logo":{"@type":"ImageObject","inLanguage":"is","@id":"https:\/\/hotelraudaskrida.is\/is\/#\/schema\/logo\/image\/","url":"https:\/\/hotelraudaskrida.is\/wp-content\/uploads\/2016\/01\/Raudaskrida_logo.png","contentUrl":"https:\/\/hotelraudaskrida.is\/wp-content\/uploads\/2016\/01\/Raudaskrida_logo.png","width":600,"height":225,"caption":"H\u00f3tel Rau\u00f0askri\u00f0a"},"image":{"@id":"https:\/\/hotelraudaskrida.is\/is\/#\/schema\/logo\/image\/"},"sameAs":["https:\/\/www.instagram.com\/hotelraudaskrida\/"]}]}},"_links":{"self":[{"href":"https:\/\/hotelraudaskrida.is\/is\/wp-json\/wp\/v2\/pages\/1062","targetHints":{"allow":["GET"]}}],"collection":[{"href":"https:\/\/hotelraudaskrida.is\/is\/wp-json\/wp\/v2\/pages"}],"about":[{"href":"https:\/\/hotelraudaskrida.is\/is\/wp-json\/wp\/v2\/types\/page"}],"author":[{"embeddable":true,"href":"https:\/\/hotelraudaskrida.is\/is\/wp-json\/wp\/v2\/users\/1"}],"replies":[{"embeddable":true,"href":"https:\/\/hotelraudaskrida.is\/is\/wp-json\/wp\/v2\/comments?post=1062"}],"version-history":[{"count":13,"href":"https:\/\/hotelraudaskrida.is\/is\/wp-json\/wp\/v2\/pages\/1062\/revisions"}],"predecessor-version":[{"id":1213,"href":"https:\/\/hotelraudaskrida.is\/is\/wp-json\/wp\/v2\/pages\/1062\/revisions\/1213"}],"wp:attachment":[{"href":"https:\/\/hotelraudaskrida.is\/is\/wp-json\/wp\/v2\/media?parent=1062"}],"curies":[{"name":"wp","href":"https:\/\/api.w.org\/{rel}","templated":true}]}}