{"id":989,"date":"2021-05-03T15:45:48","date_gmt":"2021-05-03T15:45:48","guid":{"rendered":"https:\/\/hotelraudaskrida.is\/?page_id=989"},"modified":"2021-05-16T13:45:03","modified_gmt":"2021-05-16T13:45:03","slug":"oryggisstefna","status":"publish","type":"page","link":"https:\/\/hotelraudaskrida.is\/is\/oryggisstefna\/","title":{"rendered":"\u00d6ryggisstefna"},"content":{"rendered":"\n<p><strong>H\u00f3tel Rau\u00f0askri\u00f0a<\/strong> <\/p>\n\n\n\n<ul class=\"wp-block-list\"><li>skuldbindur sig til a\u00f0 tryggja heilsu og \u00f6ryggi allra vi\u00f0eigandi svo sem starfsf\u00f3lks, verktaka og gesti eftir fremsta megni.\u00a0\u00a0<\/li><li>uppfyllir \u00f6ll l\u00f6g og regluger\u00f0ir er sn\u00faa a\u00f0 heilsu og \u00f6ryggi.<\/li><li>starfar samkv\u00e6mt st\u00f6\u00f0lum, reglum og \u00f6\u00f0ru sem gefi\u00f0 er \u00fat af Vinnueftirlitinu.\u00a0\u00a0<\/li><li>framkv\u00e6mir \u00e1h\u00e6ttugreiningar \u00fear sem \u00fea\u00f0 \u00e1 vi\u00f0 um starfsemina.\u00a0<\/li><li>er me\u00f0 virkt ferli \u00fear sem fari\u00f0 er yfir allan \u00f6ryggisb\u00fana\u00f0 me\u00f0 reglulegu millibili.\u00a0\u00a0<\/li><li>er me\u00f0 virka ney\u00f0ar\u00e1\u00e6tlun.\u00a0<\/li><li>er me\u00f0 eftirfylgni verkferla \u00fear sem teki\u00f0 er \u00e1 atvikum, \u201en\u00e6stum \u00fev\u00ed slysum\u201c og slysum.\u00a0\u00a0Me\u00f0 \u00feessum h\u00e6tti er fari\u00f0 yfir \u00feessi atri\u00f0i reglulega og vi\u00f0eigandi r\u00e1\u00f0stafanir ger\u00f0ar ef \u00fe\u00f6rf er \u00e1 til a\u00f0 minnka\/ey\u00f0a \u00e1h\u00e6ttu.\u00a0\u00a0<\/li><li>\u00fej\u00e1lfar allt vi\u00f0eigandi starfsf\u00f3lk \u00ed \u00feeim \u00f6ryggisb\u00fana\u00f0i og \u00f6ryggisatri\u00f0um sem vi\u00f0 \u00e1.\u00a0<\/li><\/ul>\n\n\n\n<p>Starfsf\u00f3lk okkar, verktakar og gestir bera einnig \u00e1byrg\u00f0 \u00e1 tillitsemi og varf\u00e6rni t.d. er var\u00f0ar vinnu, eigin heilsu og a\u00f0 taka tillit til heilsu og \u00f6ryggis annars f\u00f3lks sem getur or\u00f0i\u00f0 fyrir \u00e1hrifum af gj\u00f6r\u00f0um \u00feeirra.&nbsp;&nbsp;<\/p>\n","protected":false},"excerpt":{"rendered":"<p>H\u00f3tel Rau\u00f0askri\u00f0a skuldbindur sig til a\u00f0 tryggja heilsu og \u00f6ryggi allra vi\u00f0eigandi svo sem starfsf\u00f3lks, verktaka og gesti eftir fremsta megni.\u00a0\u00a0 uppfyllir \u00f6ll l\u00f6g og regluger\u00f0ir er sn\u00faa a\u00f0 heilsu og \u00f6ryggi. starfar samkv\u00e6mt st\u00f6\u00f0lum, reglum og \u00f6\u00f0ru sem gefi\u00f0 er \u00fat af Vinnueftirlitinu.\u00a0\u00a0 framkv\u00e6mir \u00e1h\u00e6ttugreiningar \u00fear sem \u00fea\u00f0 \u00e1 vi\u00f0 um starfsemina.\u00a0 er me\u00f0<\/p>\n","protected":false},"author":1,"featured_media":0,"parent":0,"menu_order":0,"comment_status":"closed","ping_status":"closed","template":"","meta":{"footnotes":""},"class_list":["post-989","page","type-page","status-publish","hentry"],"yoast_head":"<!-- This site is optimized with the Yoast SEO plugin v26.9 - https:\/\/yoast.com\/product\/yoast-seo-wordpress\/ -->\n<title>\u00d6ryggisstefna - H\u00f3tel Rau\u00f0askri\u00f0a<\/title>\n<meta name=\"robots\" content=\"index, follow, max-snippet:-1, max-image-preview:large, max-video-preview:-1\" \/>\n<link rel=\"canonical\" href=\"https:\/\/hotelraudaskrida.is\/is\/oryggisstefna\/\" \/>\n<meta property=\"og:locale\" content=\"is_IS\" \/>\n<meta property=\"og:type\" content=\"article\" \/>\n<meta property=\"og:title\" content=\"\u00d6ryggisstefna - H\u00f3tel Rau\u00f0askri\u00f0a\" \/>\n<meta property=\"og:description\" content=\"H\u00f3tel Rau\u00f0askri\u00f0a skuldbindur sig til a\u00f0 tryggja heilsu og \u00f6ryggi allra vi\u00f0eigandi svo sem starfsf\u00f3lks, verktaka og gesti eftir fremsta megni.\u00a0\u00a0 uppfyllir \u00f6ll l\u00f6g og regluger\u00f0ir er sn\u00faa a\u00f0 heilsu og \u00f6ryggi. starfar samkv\u00e6mt st\u00f6\u00f0lum, reglum og \u00f6\u00f0ru sem gefi\u00f0 er \u00fat af Vinnueftirlitinu.\u00a0\u00a0 framkv\u00e6mir \u00e1h\u00e6ttugreiningar \u00fear sem \u00fea\u00f0 \u00e1 vi\u00f0 um starfsemina.\u00a0 er me\u00f0\" \/>\n<meta property=\"og:url\" content=\"https:\/\/hotelraudaskrida.is\/is\/oryggisstefna\/\" \/>\n<meta property=\"og:site_name\" content=\"H\u00f3tel Rau\u00f0askri\u00f0a\" \/>\n<meta property=\"article:modified_time\" content=\"2021-05-16T13:45:03+00:00\" \/>\n<meta name=\"twitter:card\" content=\"summary_large_image\" \/>\n<meta name=\"twitter:label1\" content=\"Est. reading time\" \/>\n\t<meta name=\"twitter:data1\" content=\"1 minute\" \/>\n<script type=\"application\/ld+json\" class=\"yoast-schema-graph\">{\"@context\":\"https:\/\/schema.org\",\"@graph\":[{\"@type\":\"WebPage\",\"@id\":\"https:\/\/hotelraudaskrida.is\/is\/oryggisstefna\/\",\"url\":\"https:\/\/hotelraudaskrida.is\/is\/oryggisstefna\/\",\"name\":\"\u00d6ryggisstefna - H\u00f3tel Rau\u00f0askri\u00f0a\",\"isPartOf\":{\"@id\":\"https:\/\/hotelraudaskrida.is\/is\/#website\"},\"datePublished\":\"2021-05-03T15:45:48+00:00\",\"dateModified\":\"2021-05-16T13:45:03+00:00\",\"breadcrumb\":{\"@id\":\"https:\/\/hotelraudaskrida.is\/is\/oryggisstefna\/#breadcrumb\"},\"inLanguage\":\"is\",\"potentialAction\":[{\"@type\":\"ReadAction\",\"target\":[\"https:\/\/hotelraudaskrida.is\/is\/oryggisstefna\/\"]}]},{\"@type\":\"BreadcrumbList\",\"@id\":\"https:\/\/hotelraudaskrida.is\/is\/oryggisstefna\/#breadcrumb\",\"itemListElement\":[{\"@type\":\"ListItem\",\"position\":1,\"name\":\"Home\",\"item\":\"https:\/\/hotelraudaskrida.is\/is\/\"},{\"@type\":\"ListItem\",\"position\":2,\"name\":\"\u00d6ryggisstefna\"}]},{\"@type\":\"WebSite\",\"@id\":\"https:\/\/hotelraudaskrida.is\/is\/#website\",\"url\":\"https:\/\/hotelraudaskrida.is\/is\/\",\"name\":\"H\u00f3tel Rau\u00f0askri\u00f0a\",\"description\":\"Veri\u00f0 velkomin\",\"publisher\":{\"@id\":\"https:\/\/hotelraudaskrida.is\/is\/#organization\"},\"potentialAction\":[{\"@type\":\"SearchAction\",\"target\":{\"@type\":\"EntryPoint\",\"urlTemplate\":\"https:\/\/hotelraudaskrida.is\/is\/?s={search_term_string}\"},\"query-input\":{\"@type\":\"PropertyValueSpecification\",\"valueRequired\":true,\"valueName\":\"search_term_string\"}}],\"inLanguage\":\"is\"},{\"@type\":\"Organization\",\"@id\":\"https:\/\/hotelraudaskrida.is\/is\/#organization\",\"name\":\"H\u00f3tel Rau\u00f0askri\u00f0a\",\"url\":\"https:\/\/hotelraudaskrida.is\/is\/\",\"logo\":{\"@type\":\"ImageObject\",\"inLanguage\":\"is\",\"@id\":\"https:\/\/hotelraudaskrida.is\/is\/#\/schema\/logo\/image\/\",\"url\":\"https:\/\/hotelraudaskrida.is\/wp-content\/uploads\/2016\/01\/Raudaskrida_logo.png\",\"contentUrl\":\"https:\/\/hotelraudaskrida.is\/wp-content\/uploads\/2016\/01\/Raudaskrida_logo.png\",\"width\":600,\"height\":225,\"caption\":\"H\u00f3tel Rau\u00f0askri\u00f0a\"},\"image\":{\"@id\":\"https:\/\/hotelraudaskrida.is\/is\/#\/schema\/logo\/image\/\"},\"sameAs\":[\"https:\/\/www.instagram.com\/hotelraudaskrida\/\"]}]}<\/script>\n<!-- \/ Yoast SEO plugin. -->","yoast_head_json":{"title":"\u00d6ryggisstefna - H\u00f3tel Rau\u00f0askri\u00f0a","robots":{"index":"index","follow":"follow","max-snippet":"max-snippet:-1","max-image-preview":"max-image-preview:large","max-video-preview":"max-video-preview:-1"},"canonical":"https:\/\/hotelraudaskrida.is\/is\/oryggisstefna\/","og_locale":"is_IS","og_type":"article","og_title":"\u00d6ryggisstefna - H\u00f3tel Rau\u00f0askri\u00f0a","og_description":"H\u00f3tel Rau\u00f0askri\u00f0a skuldbindur sig til a\u00f0 tryggja heilsu og \u00f6ryggi allra vi\u00f0eigandi svo sem starfsf\u00f3lks, verktaka og gesti eftir fremsta megni.\u00a0\u00a0 uppfyllir \u00f6ll l\u00f6g og regluger\u00f0ir er sn\u00faa a\u00f0 heilsu og \u00f6ryggi. starfar samkv\u00e6mt st\u00f6\u00f0lum, reglum og \u00f6\u00f0ru sem gefi\u00f0 er \u00fat af Vinnueftirlitinu.\u00a0\u00a0 framkv\u00e6mir \u00e1h\u00e6ttugreiningar \u00fear sem \u00fea\u00f0 \u00e1 vi\u00f0 um starfsemina.\u00a0 er me\u00f0","og_url":"https:\/\/hotelraudaskrida.is\/is\/oryggisstefna\/","og_site_name":"H\u00f3tel Rau\u00f0askri\u00f0a","article_modified_time":"2021-05-16T13:45:03+00:00","twitter_card":"summary_large_image","twitter_misc":{"Est. reading time":"1 minute"},"schema":{"@context":"https:\/\/schema.org","@graph":[{"@type":"WebPage","@id":"https:\/\/hotelraudaskrida.is\/is\/oryggisstefna\/","url":"https:\/\/hotelraudaskrida.is\/is\/oryggisstefna\/","name":"\u00d6ryggisstefna - H\u00f3tel Rau\u00f0askri\u00f0a","isPartOf":{"@id":"https:\/\/hotelraudaskrida.is\/is\/#website"},"datePublished":"2021-05-03T15:45:48+00:00","dateModified":"2021-05-16T13:45:03+00:00","breadcrumb":{"@id":"https:\/\/hotelraudaskrida.is\/is\/oryggisstefna\/#breadcrumb"},"inLanguage":"is","potentialAction":[{"@type":"ReadAction","target":["https:\/\/hotelraudaskrida.is\/is\/oryggisstefna\/"]}]},{"@type":"BreadcrumbList","@id":"https:\/\/hotelraudaskrida.is\/is\/oryggisstefna\/#breadcrumb","itemListElement":[{"@type":"ListItem","position":1,"name":"Home","item":"https:\/\/hotelraudaskrida.is\/is\/"},{"@type":"ListItem","position":2,"name":"\u00d6ryggisstefna"}]},{"@type":"WebSite","@id":"https:\/\/hotelraudaskrida.is\/is\/#website","url":"https:\/\/hotelraudaskrida.is\/is\/","name":"H\u00f3tel Rau\u00f0askri\u00f0a","description":"Veri\u00f0 velkomin","publisher":{"@id":"https:\/\/hotelraudaskrida.is\/is\/#organization"},"potentialAction":[{"@type":"SearchAction","target":{"@type":"EntryPoint","urlTemplate":"https:\/\/hotelraudaskrida.is\/is\/?s={search_term_string}"},"query-input":{"@type":"PropertyValueSpecification","valueRequired":true,"valueName":"search_term_string"}}],"inLanguage":"is"},{"@type":"Organization","@id":"https:\/\/hotelraudaskrida.is\/is\/#organization","name":"H\u00f3tel Rau\u00f0askri\u00f0a","url":"https:\/\/hotelraudaskrida.is\/is\/","logo":{"@type":"ImageObject","inLanguage":"is","@id":"https:\/\/hotelraudaskrida.is\/is\/#\/schema\/logo\/image\/","url":"https:\/\/hotelraudaskrida.is\/wp-content\/uploads\/2016\/01\/Raudaskrida_logo.png","contentUrl":"https:\/\/hotelraudaskrida.is\/wp-content\/uploads\/2016\/01\/Raudaskrida_logo.png","width":600,"height":225,"caption":"H\u00f3tel Rau\u00f0askri\u00f0a"},"image":{"@id":"https:\/\/hotelraudaskrida.is\/is\/#\/schema\/logo\/image\/"},"sameAs":["https:\/\/www.instagram.com\/hotelraudaskrida\/"]}]}},"_links":{"self":[{"href":"https:\/\/hotelraudaskrida.is\/is\/wp-json\/wp\/v2\/pages\/989","targetHints":{"allow":["GET"]}}],"collection":[{"href":"https:\/\/hotelraudaskrida.is\/is\/wp-json\/wp\/v2\/pages"}],"about":[{"href":"https:\/\/hotelraudaskrida.is\/is\/wp-json\/wp\/v2\/types\/page"}],"author":[{"embeddable":true,"href":"https:\/\/hotelraudaskrida.is\/is\/wp-json\/wp\/v2\/users\/1"}],"replies":[{"embeddable":true,"href":"https:\/\/hotelraudaskrida.is\/is\/wp-json\/wp\/v2\/comments?post=989"}],"version-history":[{"count":7,"href":"https:\/\/hotelraudaskrida.is\/is\/wp-json\/wp\/v2\/pages\/989\/revisions"}],"predecessor-version":[{"id":1247,"href":"https:\/\/hotelraudaskrida.is\/is\/wp-json\/wp\/v2\/pages\/989\/revisions\/1247"}],"wp:attachment":[{"href":"https:\/\/hotelraudaskrida.is\/is\/wp-json\/wp\/v2\/media?parent=989"}],"curies":[{"name":"wp","href":"https:\/\/api.w.org\/{rel}","templated":true}]}}